{"id":311,"date":"2024-06-01T00:23:50","date_gmt":"2024-06-01T03:23:50","guid":{"rendered":"https:\/\/novo.nteditora.com.br\/loja\/?post_type=product&#038;p=311"},"modified":"2024-08-20T15:28:27","modified_gmt":"2024-08-20T18:28:27","slug":"combo-livro-curso-introducao-a-computacao","status":"publish","type":"product","link":"http:\/\/novo.nteditora.com.br\/loja\/produto\/combo-livro-curso-introducao-a-computacao\/","title":{"rendered":"Combo Livro + Curso | Introdu\u00e7\u00e3o \u00e0 Computa\u00e7\u00e3o"},"content":{"rendered":"","protected":false},"excerpt":{"rendered":"<p>Neste combo, voc\u00ea ter\u00e1 acesso ao <strong>Livro e o Curso Online de Introdu\u00e7\u00e3o \u00e0 Computa\u00e7\u00e3o<\/strong>.<\/p>\n<p>Voc\u00ea aprender\u00e1 sobre o surgimento dos computadores, desde o mais simples instrumento de calcular at\u00e9 os computadores modernos; entender\u00e1 como \u00e9 arquitetado e organizado os computadores atuais e como s\u00e3o conectados os mais diversos tipos de perif\u00e9ricos para as mais variadas aplica\u00e7\u00f5es; descobrir\u00e1 como \u00e9 feita a intera\u00e7\u00e3o entre o homem e a m\u00e1quina; conhecer\u00e1 os principais tipos de softwares utilizados na computa\u00e7\u00e3o moderna; aprender\u00e1 como \u00e9 realizada a interconex\u00e3o entre computadores e os principais tipos de redes de computadores utilizadas atualmente; conhecer\u00e1 os pilares da seguran\u00e7a no \u00e2mbito computacional, amea\u00e7as mais comuns e os principais sistemas utilizados para mitigar ou neutralizar tais amea\u00e7as.<\/p>\n<p><strong>Informa\u00e7\u00f5es do Curso:<\/strong><\/p>\n<ul>\n<li><strong>Tempo para Conclus\u00e3o:<\/strong> 2 meses<\/li>\n<li><strong>Carga hor\u00e1ria:<\/strong> 40 h<\/li>\n<\/ul>\n<div class=\"botao-livro-curso\"><button class=\"botao-demo\"><a class=\"link-demo\" href=\"https:\/\/novo.nteditora.com.br\/demos\/tecnico\/ICO_livro_demo.pdf\" target=\"_blank\" rel=\"noopener\">Leia o primeiro cap\u00edtulo GR\u00c1TIS<\/a><\/button><br \/>\n<button class=\"botao-demo\"><a class=\"link-demo\" href=\"https:\/\/avant.grupont.com.br\/dirVirtualLMS\/portais\/demos-html5\/ico\/index.html\" target=\"_blank\" rel=\"noopener\">Fa\u00e7a um degusta\u00e7\u00e3o GR\u00c1TIS<\/a><\/button><\/div>\n","protected":false},"featured_media":391,"template":"","meta":[],"product_brand":[],"product_cat":[29],"product_tag":[],"class_list":{"0":"post-311","1":"product","2":"type-product","3":"status-publish","4":"has-post-thumbnail","6":"product_cat-combos","8":"first","9":"instock","10":"sold-individually","11":"taxable","12":"shipping-taxable","13":"purchasable","14":"product-type-wooco"},"_links":{"self":[{"href":"http:\/\/novo.nteditora.com.br\/loja\/wp-json\/wp\/v2\/product\/311","targetHints":{"allow":["GET"]}}],"collection":[{"href":"http:\/\/novo.nteditora.com.br\/loja\/wp-json\/wp\/v2\/product"}],"about":[{"href":"http:\/\/novo.nteditora.com.br\/loja\/wp-json\/wp\/v2\/types\/product"}],"wp:featuredmedia":[{"embeddable":true,"href":"http:\/\/novo.nteditora.com.br\/loja\/wp-json\/wp\/v2\/media\/391"}],"wp:attachment":[{"href":"http:\/\/novo.nteditora.com.br\/loja\/wp-json\/wp\/v2\/media?parent=311"}],"wp:term":[{"taxonomy":"product_brand","embeddable":true,"href":"http:\/\/novo.nteditora.com.br\/loja\/wp-json\/wp\/v2\/product_brand?post=311"},{"taxonomy":"product_cat","embeddable":true,"href":"http:\/\/novo.nteditora.com.br\/loja\/wp-json\/wp\/v2\/product_cat?post=311"},{"taxonomy":"product_tag","embeddable":true,"href":"http:\/\/novo.nteditora.com.br\/loja\/wp-json\/wp\/v2\/product_tag?post=311"}],"curies":[{"name":"wp","href":"https:\/\/api.w.org\/{rel}","templated":true}]}}