{"id":317,"date":"2024-06-01T00:18:03","date_gmt":"2024-06-01T03:18:03","guid":{"rendered":"https:\/\/novo.nteditora.com.br\/loja\/?post_type=product&#038;p=317"},"modified":"2024-08-20T15:18:02","modified_gmt":"2024-08-20T18:18:02","slug":"combo-livro-curso-html5-css-e-javascript","status":"publish","type":"product","link":"http:\/\/novo.nteditora.com.br\/loja\/produto\/combo-livro-curso-html5-css-e-javascript\/","title":{"rendered":"Combo Livro + Curso | HTML5, CSS E JavaScript"},"content":{"rendered":"","protected":false},"excerpt":{"rendered":"<p>Neste combo, voc\u00ea ter\u00e1 acesso ao <strong>Livro e o Curso Online de HTML5, CSS E JavaScript<\/strong>.<\/p>\n<p>A primeira linguagem proposta para a Web foi o HTML. Trata-se de uma linguagem de marca\u00e7\u00e3o, ou seja, colocamos \u201cmarcas\u201d em um documento para definir a estrutura e o significado de cada informa\u00e7\u00e3o. Entretanto, o HTML n\u00e3o foi criado para formata\u00e7\u00e3o dos conte\u00fados, nunca teve como objetivo quest\u00f5es visuais. Assim, a linguagem de estiliza\u00e7\u00e3o CSS foi proposta. Fechando o trio, temos o JavaScript, linguagem de programa\u00e7\u00e3o criada em uma \u00e9poca em que a web era completamente est\u00e1tica, n\u00e3o dava para fazer nada al\u00e9m de ver conte\u00fados fixos navegando de uma p\u00e1gina para outra. Hoje, essas tr\u00eas linguagens s\u00e3o totalmente padronizadas, amplamente utilizadas, possuem grande apelo no mercado de trabalho e permitem criar interfaces ricas e modernas para diversas plataformas com custo reduzido, sendo poss\u00edvel aproveitar o conhecimento para criar v\u00e1rios tipos de aplica\u00e7\u00f5es diferentes. Dif\u00edcil pensar em linguagens mais interessantes para se aprender neste momento.<\/p>\n<p><strong>Informa\u00e7\u00f5es do Curso:<\/strong><\/p>\n<ul>\n<li><strong>Tempo para Conclus\u00e3o:<\/strong> 3 meses<\/li>\n<li><strong>Carga hor\u00e1ria:<\/strong> 80 h<\/li>\n<\/ul>\n<div class=\"botao-livro-curso\"><button class=\"botao-demo\"><a class=\"link-demo\" href=\"https:\/\/novo.nteditora.com.br\/demos\/tecnico\/HCJ_livro_demo.pdf\" target=\"_blank\" rel=\"noopener\">Leia o primeiro cap\u00edtulo GR\u00c1TIS<\/a><\/button><br \/>\n<button class=\"botao-demo\"><a class=\"link-demo\" href=\"https:\/\/avant.grupont.com.br\/dirVirtualLMS\/portais\/demos-html5\/hcj\/index.html\" target=\"_blank\" rel=\"noopener\">Fa\u00e7a um degusta\u00e7\u00e3o GR\u00c1TIS<\/a><\/button><\/div>\n","protected":false},"featured_media":380,"template":"","meta":[],"product_brand":[],"product_cat":[29],"product_tag":[],"class_list":{"0":"post-317","1":"product","2":"type-product","3":"status-publish","4":"has-post-thumbnail","6":"product_cat-combos","8":"first","9":"instock","10":"sold-individually","11":"taxable","12":"shipping-taxable","13":"purchasable","14":"product-type-wooco"},"_links":{"self":[{"href":"http:\/\/novo.nteditora.com.br\/loja\/wp-json\/wp\/v2\/product\/317","targetHints":{"allow":["GET"]}}],"collection":[{"href":"http:\/\/novo.nteditora.com.br\/loja\/wp-json\/wp\/v2\/product"}],"about":[{"href":"http:\/\/novo.nteditora.com.br\/loja\/wp-json\/wp\/v2\/types\/product"}],"wp:featuredmedia":[{"embeddable":true,"href":"http:\/\/novo.nteditora.com.br\/loja\/wp-json\/wp\/v2\/media\/380"}],"wp:attachment":[{"href":"http:\/\/novo.nteditora.com.br\/loja\/wp-json\/wp\/v2\/media?parent=317"}],"wp:term":[{"taxonomy":"product_brand","embeddable":true,"href":"http:\/\/novo.nteditora.com.br\/loja\/wp-json\/wp\/v2\/product_brand?post=317"},{"taxonomy":"product_cat","embeddable":true,"href":"http:\/\/novo.nteditora.com.br\/loja\/wp-json\/wp\/v2\/product_cat?post=317"},{"taxonomy":"product_tag","embeddable":true,"href":"http:\/\/novo.nteditora.com.br\/loja\/wp-json\/wp\/v2\/product_tag?post=317"}],"curies":[{"name":"wp","href":"https:\/\/api.w.org\/{rel}","templated":true}]}}