{"id":32,"date":"2024-05-12T00:02:00","date_gmt":"2024-05-12T03:02:00","guid":{"rendered":"https:\/\/novo.nteditora.com.br\/loja\/?post_type=product&#038;p=32"},"modified":"2024-08-20T09:34:02","modified_gmt":"2024-08-20T12:34:02","slug":"analise-e-acompanhamento-de-projetos","status":"publish","type":"product","link":"http:\/\/novo.nteditora.com.br\/loja\/produto\/analise-e-acompanhamento-de-projetos\/","title":{"rendered":"An\u00e1lise e Acompanhamento de Projetos"},"content":{"rendered":"","protected":false},"excerpt":{"rendered":"<p><strong>Clorisval Gomes Pereira J\u00fanior<\/strong><\/p>\n<p>Este material apresenta os conceitos b\u00e1sicos sobre gerenciamento de projetos e demonstra sua aplicabilidade a partir do uso da Ferramenta MS Project. S\u00e3o explorados exerc\u00edcios passo a passo para cada uma das t\u00e9cnicas apresentadas. A cada cap\u00edtulo, voc\u00ea ir\u00e1 exercitar atividades de gerenciamento de projetos, aprender\u00e1 a planejar e controlar as atividades, agendar tarefas, definir e acompanhar custos, controlar o andamento do projeto e trabalhar com solu\u00e7\u00e3o de problemas e comunica\u00e7\u00e3o de resultados.<\/p>\n<div class=\"botao-livro-curso\"><button class=\"botao-demo\"><a class=\"link-demo\" href=\"https:\/\/novo.nteditora.com.br\/demos\/tecnico\/PRJ_livro_demo.pdf\" target=\"_blank\" rel=\"noopener\">Leia o primeiro cap\u00edtulo GR\u00c1TIS<\/a><\/button><\/div>\n","protected":false},"featured_media":62,"template":"","meta":[],"product_brand":[],"product_cat":[16,19],"product_tag":[],"class_list":{"0":"post-32","1":"product","2":"type-product","3":"status-publish","4":"has-post-thumbnail","6":"product_cat-formacao-tecnico-e-profissional","7":"product_cat-informacao-e-comunicacao","9":"first","10":"onbackorder","11":"taxable","12":"shipping-taxable","13":"purchasable","14":"product-type-simple"},"_links":{"self":[{"href":"http:\/\/novo.nteditora.com.br\/loja\/wp-json\/wp\/v2\/product\/32","targetHints":{"allow":["GET"]}}],"collection":[{"href":"http:\/\/novo.nteditora.com.br\/loja\/wp-json\/wp\/v2\/product"}],"about":[{"href":"http:\/\/novo.nteditora.com.br\/loja\/wp-json\/wp\/v2\/types\/product"}],"wp:featuredmedia":[{"embeddable":true,"href":"http:\/\/novo.nteditora.com.br\/loja\/wp-json\/wp\/v2\/media\/62"}],"wp:attachment":[{"href":"http:\/\/novo.nteditora.com.br\/loja\/wp-json\/wp\/v2\/media?parent=32"}],"wp:term":[{"taxonomy":"product_brand","embeddable":true,"href":"http:\/\/novo.nteditora.com.br\/loja\/wp-json\/wp\/v2\/product_brand?post=32"},{"taxonomy":"product_cat","embeddable":true,"href":"http:\/\/novo.nteditora.com.br\/loja\/wp-json\/wp\/v2\/product_cat?post=32"},{"taxonomy":"product_tag","embeddable":true,"href":"http:\/\/novo.nteditora.com.br\/loja\/wp-json\/wp\/v2\/product_tag?post=32"}],"curies":[{"name":"wp","href":"https:\/\/api.w.org\/{rel}","templated":true}]}}