{"id":322,"date":"2024-05-31T00:39:15","date_gmt":"2024-05-31T03:39:15","guid":{"rendered":"https:\/\/novo.nteditora.com.br\/loja\/?post_type=product&#038;p=322"},"modified":"2024-08-20T15:10:27","modified_gmt":"2024-08-20T18:10:27","slug":"combo-livro-curso-gestao-de-operacoes-em-armazens-e-em-centros-de-distribuicao","status":"publish","type":"product","link":"http:\/\/novo.nteditora.com.br\/loja\/produto\/combo-livro-curso-gestao-de-operacoes-em-armazens-e-em-centros-de-distribuicao\/","title":{"rendered":"Combo Livro + Curso | Gest\u00e3o de Opera\u00e7\u00f5es em Armaz\u00e9ns e em Centros de Distribui\u00e7\u00e3o"},"content":{"rendered":"","protected":false},"excerpt":{"rendered":"<p>Neste combo, voc\u00ea ter\u00e1 acesso ao <strong>Livro e o Curso Online de Gest\u00e3o de Opera\u00e7\u00f5es em Armaz\u00e9ns e em Centros de Distribui\u00e7\u00e3o<\/strong>.<\/p>\n<p>A cada dia aumenta o n\u00famero de empresas de diferentes setores, redes atacadistas e de varejo que operam seus pr\u00f3prios centros de distribui\u00e7\u00e3o, buscando centralizar os processos de recebimento, estocagem, separa\u00e7\u00e3o de pedidos, embalagem e expedi\u00e7\u00e3o, contribuindo para a redu\u00e7\u00e3o dos custos totais em log\u00edstica. O livro de Gest\u00e3o de Opera\u00e7\u00f5es em Armaz\u00e9m e em Centro de Distribui\u00e7\u00e3o apresenta, por meio de um texto dial\u00f3gico, de f\u00e1cil leitura, com uma concep\u00e7\u00e3o e a organiza\u00e7\u00e3o did\u00e1tica moderna, os conceitos te\u00f3ricos e pr\u00e1ticos, os procedimentos, t\u00e9cnicas e estudos envolvidos na montagem, organiza\u00e7\u00e3o e gerenciamento de todas as atividades operacionais de um Centro de Distribui\u00e7\u00e3o.<\/p>\n<p><strong>Informa\u00e7\u00f5es do Curso:<\/strong><\/p>\n<ul>\n<li><strong>Tempo para Conclus\u00e3o:<\/strong> 1 meses<\/li>\n<li><strong>Carga hor\u00e1ria:<\/strong> 20 h<\/li>\n<\/ul>\n<div class=\"botao-livro-curso\"><button class=\"botao-demo\"><a class=\"link-demo\" href=\"https:\/\/novo.nteditora.com.br\/demos\/tecnico\/GOA_livro_demo.pdf\" target=\"_blank\" rel=\"noopener\">Leia o primeiro cap\u00edtulo GR\u00c1TIS<\/a><\/button><br \/>\n<button class=\"botao-demo\"><a class=\"link-demo\" href=\"https:\/\/avant.grupont.com.br\/dirVirtualLMS\/portais\/demos-html5\/goa\/index.html\" target=\"_blank\" rel=\"noopener\">Fa\u00e7a um degusta\u00e7\u00e3o GR\u00c1TIS<\/a><\/button><\/div>\n","protected":false},"featured_media":372,"template":"","meta":[],"product_brand":[],"product_cat":[29],"product_tag":[],"class_list":{"0":"post-322","1":"product","2":"type-product","3":"status-publish","4":"has-post-thumbnail","6":"product_cat-combos","8":"first","9":"instock","10":"sold-individually","11":"taxable","12":"shipping-taxable","13":"purchasable","14":"product-type-wooco"},"_links":{"self":[{"href":"http:\/\/novo.nteditora.com.br\/loja\/wp-json\/wp\/v2\/product\/322","targetHints":{"allow":["GET"]}}],"collection":[{"href":"http:\/\/novo.nteditora.com.br\/loja\/wp-json\/wp\/v2\/product"}],"about":[{"href":"http:\/\/novo.nteditora.com.br\/loja\/wp-json\/wp\/v2\/types\/product"}],"wp:featuredmedia":[{"embeddable":true,"href":"http:\/\/novo.nteditora.com.br\/loja\/wp-json\/wp\/v2\/media\/372"}],"wp:attachment":[{"href":"http:\/\/novo.nteditora.com.br\/loja\/wp-json\/wp\/v2\/media?parent=322"}],"wp:term":[{"taxonomy":"product_brand","embeddable":true,"href":"http:\/\/novo.nteditora.com.br\/loja\/wp-json\/wp\/v2\/product_brand?post=322"},{"taxonomy":"product_cat","embeddable":true,"href":"http:\/\/novo.nteditora.com.br\/loja\/wp-json\/wp\/v2\/product_cat?post=322"},{"taxonomy":"product_tag","embeddable":true,"href":"http:\/\/novo.nteditora.com.br\/loja\/wp-json\/wp\/v2\/product_tag?post=322"}],"curies":[{"name":"wp","href":"https:\/\/api.w.org\/{rel}","templated":true}]}}