{"id":323,"date":"2024-05-31T01:15:50","date_gmt":"2024-05-31T04:15:50","guid":{"rendered":"https:\/\/novo.nteditora.com.br\/loja\/?post_type=product&#038;p=323"},"modified":"2024-08-20T16:10:22","modified_gmt":"2024-08-20T19:10:22","slug":"combo-livro-curso-planejamento-e-gestao-de-materiais-produtos-e-patrimonio","status":"publish","type":"product","link":"http:\/\/novo.nteditora.com.br\/loja\/produto\/combo-livro-curso-planejamento-e-gestao-de-materiais-produtos-e-patrimonio\/","title":{"rendered":"Combo Livro + Curso | Planejamento e Gest\u00e3o de Materiais, Produtos e Patrim\u00f4nio"},"content":{"rendered":"","protected":false},"excerpt":{"rendered":"<p>Neste combo, voc\u00ea ter\u00e1 acesso ao <strong>Livro e o Curso Online de Gest\u00e3o de Planejamento e Gest\u00e3o de Materiais, Produtos e Patrim\u00f4nio<\/strong>.<\/p>\n<p>Elaborado com uma vis\u00e3o pr\u00e1tica, objetiva e moderna, focado em capacitar o leitor a identificar, compreender e executar o fluxo de atividades envolvido na cadeia de suprimentos, na gest\u00e3o de mercadoria, insumos e bens patrimoniais e nas formas de aquisi\u00e7\u00e3o dos recursos necess\u00e1rios \u00e0s atividades produtivas e gerenciais de sua organiza\u00e7\u00e3o. Com estes conhecimentos o leitor poder\u00e1 realizar o planejamento da aquisi\u00e7\u00e3o, controle e armazenamento dos materiais com base no recursos log\u00edsticos e tecnol\u00f3gicos dispon\u00edveis em sua organiza\u00e7\u00e3o.<\/p>\n<p><strong>Informa\u00e7\u00f5es do Curso:<\/strong><\/p>\n<ul>\n<li><strong>Tempo para Conclus\u00e3o:<\/strong> 1 meses<\/li>\n<li><strong>Carga hor\u00e1ria:<\/strong> 20 h<\/li>\n<\/ul>\n<div class=\"botao-livro-curso\"><button class=\"botao-demo\"><a class=\"link-demo\" href=\"https:\/\/novo.nteditora.com.br\/demos\/tecnico\/GMP_livro_demo.pdf\" target=\"_blank\" rel=\"noopener\">Leia o primeiro cap\u00edtulo GR\u00c1TIS<\/a><\/button><br \/>\n<button class=\"botao-demo\"><a class=\"link-demo\" href=\"https:\/\/avant.grupont.com.br\/dirVirtualLMS\/portais\/demos-html5\/gmp\/index.html\" target=\"_blank\" rel=\"noopener\">Fa\u00e7a um degusta\u00e7\u00e3o GR\u00c1TIS<\/a><\/button><\/div>\n","protected":false},"featured_media":366,"template":"","meta":[],"product_brand":[],"product_cat":[29],"product_tag":[],"class_list":{"0":"post-323","1":"product","2":"type-product","3":"status-publish","4":"has-post-thumbnail","6":"product_cat-combos","8":"first","9":"instock","10":"sold-individually","11":"taxable","12":"shipping-taxable","13":"purchasable","14":"product-type-wooco"},"_links":{"self":[{"href":"http:\/\/novo.nteditora.com.br\/loja\/wp-json\/wp\/v2\/product\/323","targetHints":{"allow":["GET"]}}],"collection":[{"href":"http:\/\/novo.nteditora.com.br\/loja\/wp-json\/wp\/v2\/product"}],"about":[{"href":"http:\/\/novo.nteditora.com.br\/loja\/wp-json\/wp\/v2\/types\/product"}],"wp:featuredmedia":[{"embeddable":true,"href":"http:\/\/novo.nteditora.com.br\/loja\/wp-json\/wp\/v2\/media\/366"}],"wp:attachment":[{"href":"http:\/\/novo.nteditora.com.br\/loja\/wp-json\/wp\/v2\/media?parent=323"}],"wp:term":[{"taxonomy":"product_brand","embeddable":true,"href":"http:\/\/novo.nteditora.com.br\/loja\/wp-json\/wp\/v2\/product_brand?post=323"},{"taxonomy":"product_cat","embeddable":true,"href":"http:\/\/novo.nteditora.com.br\/loja\/wp-json\/wp\/v2\/product_cat?post=323"},{"taxonomy":"product_tag","embeddable":true,"href":"http:\/\/novo.nteditora.com.br\/loja\/wp-json\/wp\/v2\/product_tag?post=323"}],"curies":[{"name":"wp","href":"https:\/\/api.w.org\/{rel}","templated":true}]}}