{"id":326,"date":"2024-05-31T00:42:25","date_gmt":"2024-05-31T03:42:25","guid":{"rendered":"https:\/\/novo.nteditora.com.br\/loja\/?post_type=product&#038;p=326"},"modified":"2024-08-20T15:15:25","modified_gmt":"2024-08-20T18:15:25","slug":"combo-livro-curso-gestao-imobiliaria","status":"publish","type":"product","link":"http:\/\/novo.nteditora.com.br\/loja\/produto\/combo-livro-curso-gestao-imobiliaria\/","title":{"rendered":"Combo Livro + Curso | Gest\u00e3o Imobili\u00e1ria"},"content":{"rendered":"","protected":false},"excerpt":{"rendered":"<p>Neste combo, voc\u00ea ter\u00e1 acesso ao <strong>Livro e o Curso Online de Gest\u00e3o Imobili\u00e1ria<\/strong>.<\/p>\n<p>Elaborado com o objetivo de capacitar o leitor, para, a partir das t\u00e9cnicas gerenciais mais utilizadas em gest\u00e3o empresarial, compreender e aplicar os conceitos, m\u00e9todos e t\u00e9cnicas espec\u00edficas de gest\u00e3o de empresas do ramo imobili\u00e1rio, de forma a ampliar e aprimorar sua atua\u00e7\u00e3o profissional da \u00e1rea.<\/p>\n<p><strong>Informa\u00e7\u00f5es do Curso:<\/strong><\/p>\n<ul>\n<li><strong>Tempo para Conclus\u00e3o:<\/strong> 2 meses<\/li>\n<li><strong>Carga hor\u00e1ria:<\/strong> 60 h<\/li>\n<\/ul>\n<div class=\"botao-livro-curso\"><button class=\"botao-demo\"><a class=\"link-demo\" href=\"https:\/\/novo.nteditora.com.br\/demos\/tecnico\/GIM_livro_demo.pdf\" target=\"_blank\" rel=\"noopener\">Leia o primeiro cap\u00edtulo GR\u00c1TIS<\/a><\/button><br \/>\n<button class=\"botao-demo\"><a class=\"link-demo\" href=\"https:\/\/avant.grupont.com.br\/dirVirtualLMS\/portais\/demos-html5\/gim\/index.html\" target=\"_blank\" rel=\"noopener\">Fa\u00e7a um degusta\u00e7\u00e3o GR\u00c1TIS<\/a><\/button><\/div>\n","protected":false},"featured_media":360,"template":"","meta":[],"product_brand":[],"product_cat":[29],"product_tag":[],"class_list":{"0":"post-326","1":"product","2":"type-product","3":"status-publish","4":"has-post-thumbnail","6":"product_cat-combos","8":"first","9":"instock","10":"sold-individually","11":"taxable","12":"shipping-taxable","13":"purchasable","14":"product-type-wooco"},"_links":{"self":[{"href":"http:\/\/novo.nteditora.com.br\/loja\/wp-json\/wp\/v2\/product\/326","targetHints":{"allow":["GET"]}}],"collection":[{"href":"http:\/\/novo.nteditora.com.br\/loja\/wp-json\/wp\/v2\/product"}],"about":[{"href":"http:\/\/novo.nteditora.com.br\/loja\/wp-json\/wp\/v2\/types\/product"}],"wp:featuredmedia":[{"embeddable":true,"href":"http:\/\/novo.nteditora.com.br\/loja\/wp-json\/wp\/v2\/media\/360"}],"wp:attachment":[{"href":"http:\/\/novo.nteditora.com.br\/loja\/wp-json\/wp\/v2\/media?parent=326"}],"wp:term":[{"taxonomy":"product_brand","embeddable":true,"href":"http:\/\/novo.nteditora.com.br\/loja\/wp-json\/wp\/v2\/product_brand?post=326"},{"taxonomy":"product_cat","embeddable":true,"href":"http:\/\/novo.nteditora.com.br\/loja\/wp-json\/wp\/v2\/product_cat?post=326"},{"taxonomy":"product_tag","embeddable":true,"href":"http:\/\/novo.nteditora.com.br\/loja\/wp-json\/wp\/v2\/product_tag?post=326"}],"curies":[{"name":"wp","href":"https:\/\/api.w.org\/{rel}","templated":true}]}}