{"id":33,"date":"2024-05-08T00:03:00","date_gmt":"2024-05-08T03:03:00","guid":{"rendered":"https:\/\/novo.nteditora.com.br\/loja\/?post_type=product&#038;p=33"},"modified":"2024-08-20T09:34:02","modified_gmt":"2024-08-20T12:34:02","slug":"anatomia-e-fisiologia-humana","status":"publish","type":"product","link":"http:\/\/novo.nteditora.com.br\/loja\/produto\/anatomia-e-fisiologia-humana\/","title":{"rendered":"Anatomia e Fisiologia Humana"},"content":{"rendered":"","protected":false},"excerpt":{"rendered":"<p><strong>Ana Cristina Sa\u00fade Neres Ferreira e Thais Borges de Ara\u00fajo<\/strong><\/p>\n<p>Neste material, voc\u00ea reconhecer\u00e1 os principais \u00f3rg\u00e3os e sistemas do corpo humano. S\u00e3o apresentados os conceitos b\u00e1sicos necess\u00e1rios para que o leitor seja capaz de relacionar as principais estruturas anat\u00f4micas com suas nomenclaturas e identificar as principais fun\u00e7\u00f5es por elas desempenhadas no organismo humano. Com esse conte\u00fado, o aluno ser\u00e1 capacitado para identificar as estruturas e as fun\u00e7\u00f5es do corpo humano, al\u00e9m de conhecer as compet\u00eancias necess\u00e1rias \u00e0 pr\u00e1tica profissional, fazendo correla\u00e7\u00f5es com a cl\u00ednica.<\/p>\n<div class=\"botao-livro-curso\"><button class=\"botao-demo\"><a class=\"link-demo\" href=\"https:\/\/novo.nteditora.com.br\/demos\/tecnico\/AFH_livro_demo.pdf\" target=\"_blank\" rel=\"noopener\">Leia o primeiro cap\u00edtulo GR\u00c1TIS<\/a><\/button><\/p>\n","protected":false},"featured_media":63,"template":"","meta":[],"product_brand":[],"product_cat":[17,16],"product_tag":[],"class_list":{"0":"post-33","1":"product","2":"type-product","3":"status-publish","4":"has-post-thumbnail","6":"product_cat-ambiente-e-saude","7":"product_cat-formacao-tecnico-e-profissional","9":"first","10":"onbackorder","11":"taxable","12":"shipping-taxable","13":"purchasable","14":"product-type-simple"},"_links":{"self":[{"href":"http:\/\/novo.nteditora.com.br\/loja\/wp-json\/wp\/v2\/product\/33","targetHints":{"allow":["GET"]}}],"collection":[{"href":"http:\/\/novo.nteditora.com.br\/loja\/wp-json\/wp\/v2\/product"}],"about":[{"href":"http:\/\/novo.nteditora.com.br\/loja\/wp-json\/wp\/v2\/types\/product"}],"wp:featuredmedia":[{"embeddable":true,"href":"http:\/\/novo.nteditora.com.br\/loja\/wp-json\/wp\/v2\/media\/63"}],"wp:attachment":[{"href":"http:\/\/novo.nteditora.com.br\/loja\/wp-json\/wp\/v2\/media?parent=33"}],"wp:term":[{"taxonomy":"product_brand","embeddable":true,"href":"http:\/\/novo.nteditora.com.br\/loja\/wp-json\/wp\/v2\/product_brand?post=33"},{"taxonomy":"product_cat","embeddable":true,"href":"http:\/\/novo.nteditora.com.br\/loja\/wp-json\/wp\/v2\/product_cat?post=33"},{"taxonomy":"product_tag","embeddable":true,"href":"http:\/\/novo.nteditora.com.br\/loja\/wp-json\/wp\/v2\/product_tag?post=33"}],"curies":[{"name":"wp","href":"https:\/\/api.w.org\/{rel}","templated":true}]}}