{"id":36,"date":"2024-05-12T00:03:00","date_gmt":"2024-05-12T03:03:00","guid":{"rendered":"https:\/\/novo.nteditora.com.br\/loja\/?post_type=product&#038;p=36"},"modified":"2024-08-20T09:34:02","modified_gmt":"2024-08-20T12:34:02","slug":"arquitetura-de-computadores","status":"publish","type":"product","link":"http:\/\/novo.nteditora.com.br\/loja\/produto\/arquitetura-de-computadores\/","title":{"rendered":"Arquitetura de Computadores"},"content":{"rendered":"","protected":false},"excerpt":{"rendered":"<p><strong>Salvador Alves de Melo J\u00fanior<\/strong><\/p>\n<p>Um bom entendimento sobre o funcionamento do computador \u00e9 indispens\u00e1vel para que o profissional possa desenvolver seu trabalho em qualquer \u00e1rea da tecnologia da informa\u00e7\u00e3o, seja de suporte, desenvolvimento, infraestrutura, banco de dados, etc. A parte f\u00edsica do computador (hardware) est\u00e1 intimamente ligada \u00e0 parte l\u00f3gica (software) e, somente por meio da jun\u00e7\u00e3o de ambas, o usu\u00e1rio poder\u00e1 dispor dos recursos de que necessita. Neste material, objetiva-se o estudo sobre o funcionamento interno do computador para que se possam realizar compara\u00e7\u00f5es e analisar solu\u00e7\u00f5es de hardware, al\u00e9m de entender melhor o funcionamento dos sistemas operacionais e de como os computadores tratam e processam as aplica\u00e7\u00f5es, fornecendo subs\u00eddios para realizar um desenvolvimento eficiente.<\/p>\n<div class=\"botao-livro-curso\"><button class=\"botao-demo\"><a class=\"link-demo\" href=\"https:\/\/novo.nteditora.com.br\/demos\/tecnico\/ACE_livro_demo.pdf\" target=\"_blank\" rel=\"noopener\">Leia o primeiro cap\u00edtulo GR\u00c1TIS<\/a><\/button><\/div>\n","protected":false},"featured_media":66,"template":"","meta":[],"product_brand":[],"product_cat":[16,19],"product_tag":[],"class_list":{"0":"post-36","1":"product","2":"type-product","3":"status-publish","4":"has-post-thumbnail","6":"product_cat-formacao-tecnico-e-profissional","7":"product_cat-informacao-e-comunicacao","9":"first","10":"onbackorder","11":"taxable","12":"shipping-taxable","13":"purchasable","14":"product-type-simple"},"_links":{"self":[{"href":"http:\/\/novo.nteditora.com.br\/loja\/wp-json\/wp\/v2\/product\/36","targetHints":{"allow":["GET"]}}],"collection":[{"href":"http:\/\/novo.nteditora.com.br\/loja\/wp-json\/wp\/v2\/product"}],"about":[{"href":"http:\/\/novo.nteditora.com.br\/loja\/wp-json\/wp\/v2\/types\/product"}],"wp:featuredmedia":[{"embeddable":true,"href":"http:\/\/novo.nteditora.com.br\/loja\/wp-json\/wp\/v2\/media\/66"}],"wp:attachment":[{"href":"http:\/\/novo.nteditora.com.br\/loja\/wp-json\/wp\/v2\/media?parent=36"}],"wp:term":[{"taxonomy":"product_brand","embeddable":true,"href":"http:\/\/novo.nteditora.com.br\/loja\/wp-json\/wp\/v2\/product_brand?post=36"},{"taxonomy":"product_cat","embeddable":true,"href":"http:\/\/novo.nteditora.com.br\/loja\/wp-json\/wp\/v2\/product_cat?post=36"},{"taxonomy":"product_tag","embeddable":true,"href":"http:\/\/novo.nteditora.com.br\/loja\/wp-json\/wp\/v2\/product_tag?post=36"}],"curies":[{"name":"wp","href":"https:\/\/api.w.org\/{rel}","templated":true}]}}