{"id":413,"date":"2024-05-29T00:18:19","date_gmt":"2024-05-29T03:18:19","guid":{"rendered":"https:\/\/novo.nteditora.com.br\/loja\/?post_type=product&#038;p=413"},"modified":"2024-08-20T15:05:16","modified_gmt":"2024-08-20T18:05:16","slug":"combo-livro-curso-gerenciamento-eletronico-de-motores","status":"publish","type":"product","link":"http:\/\/novo.nteditora.com.br\/loja\/produto\/combo-livro-curso-gerenciamento-eletronico-de-motores\/","title":{"rendered":"Combo Livro + Curso | Gerenciamento Eletr\u00f4nico de Motores"},"content":{"rendered":"","protected":false},"excerpt":{"rendered":"<p>Neste combo, voc\u00ea ter\u00e1 acesso ao <strong>Livro e o Curso Online de Gerenciamento Eletr\u00f4nico de Motores<\/strong>.<\/p>\n<p>Nas \u00faltimas d\u00e9cadas, a ind\u00fastria automobil\u00edstica tem passado por algumas mudan\u00e7as que envolvem n\u00e3o apenas modifica\u00e7\u00f5es com vistas \u00e0 melhoria da m\u00e1quina em si, em quest\u00f5es como desempenho, por exemplo, mas tamb\u00e9m mudan\u00e7as em rela\u00e7\u00e3o a novas exig\u00eancias do mercado no que diz respeito \u00e0 emiss\u00e3o de poluentes. Nesse contexto, o gerenciamento eletr\u00f4nico do motor veio atender \u00e0s necessidades do mercado automobil\u00edstico por meio de caracter\u00edsticas que envolvem desde o melhor controle na emiss\u00e3o de poluentes, melhoria no consumo de combust\u00edvel, funcionamento mais uniforme do motor, at\u00e9 a maior facilidade na identifica\u00e7\u00e3o de falhas.<\/p>\n<p><strong>Informa\u00e7\u00f5es do Curso:<\/strong><\/p>\n<ul>\n<li><strong>Tempo para Conclus\u00e3o:<\/strong> 3 meses<\/li>\n<li><strong>Carga hor\u00e1ria:<\/strong> 80 h<\/li>\n<\/ul>\n<div class=\"botao-livro-curso\"><button class=\"botao-demo\"><a class=\"link-demo\" href=\"https:\/\/novo.nteditora.com.br\/demos\/tecnico\/GEM_livro_demo.pdf\" target=\"_blank\" rel=\"noopener\">Leia o primeiro cap\u00edtulo GR\u00c1TIS<\/a><\/button><br \/>\n<button class=\"botao-demo\"><a class=\"link-demo\" href=\"https:\/\/avant.grupont.com.br\/dirVirtualLMS\/portais\/demos-html5\/gem\/index.html\" target=\"_blank\" rel=\"noopener\">Fa\u00e7a um degusta\u00e7\u00e3o GR\u00c1TIS<\/a><\/button><\/div>\n","protected":false},"featured_media":409,"template":"","meta":[],"product_brand":[],"product_cat":[29],"product_tag":[],"class_list":{"0":"post-413","1":"product","2":"type-product","3":"status-publish","4":"has-post-thumbnail","6":"product_cat-combos","8":"first","9":"instock","10":"sold-individually","11":"taxable","12":"shipping-taxable","13":"purchasable","14":"product-type-wooco"},"_links":{"self":[{"href":"http:\/\/novo.nteditora.com.br\/loja\/wp-json\/wp\/v2\/product\/413","targetHints":{"allow":["GET"]}}],"collection":[{"href":"http:\/\/novo.nteditora.com.br\/loja\/wp-json\/wp\/v2\/product"}],"about":[{"href":"http:\/\/novo.nteditora.com.br\/loja\/wp-json\/wp\/v2\/types\/product"}],"wp:featuredmedia":[{"embeddable":true,"href":"http:\/\/novo.nteditora.com.br\/loja\/wp-json\/wp\/v2\/media\/409"}],"wp:attachment":[{"href":"http:\/\/novo.nteditora.com.br\/loja\/wp-json\/wp\/v2\/media?parent=413"}],"wp:term":[{"taxonomy":"product_brand","embeddable":true,"href":"http:\/\/novo.nteditora.com.br\/loja\/wp-json\/wp\/v2\/product_brand?post=413"},{"taxonomy":"product_cat","embeddable":true,"href":"http:\/\/novo.nteditora.com.br\/loja\/wp-json\/wp\/v2\/product_cat?post=413"},{"taxonomy":"product_tag","embeddable":true,"href":"http:\/\/novo.nteditora.com.br\/loja\/wp-json\/wp\/v2\/product_tag?post=413"}],"curies":[{"name":"wp","href":"https:\/\/api.w.org\/{rel}","templated":true}]}}