{"id":42,"date":"2024-05-12T00:04:01","date_gmt":"2024-05-12T03:04:01","guid":{"rendered":"https:\/\/novo.nteditora.com.br\/loja\/?post_type=product&#038;p=42"},"modified":"2024-08-20T09:34:02","modified_gmt":"2024-08-20T12:34:02","slug":"ativos-de-redes","status":"publish","type":"product","link":"http:\/\/novo.nteditora.com.br\/loja\/produto\/ativos-de-redes\/","title":{"rendered":"Ativos de Redes"},"content":{"rendered":"","protected":false},"excerpt":{"rendered":"<p><strong>M\u00e1rcio Andrey Silva Furtado<\/strong><\/p>\n<p>Cada vez mais, as empresas est\u00e3o dependentes das redes de computadores, e n\u00e3o apenas elas, n\u00f3s tamb\u00e9m em nossa vida cotidiana, seja para acessar um servidor, seja para conectar o celular ao Wi-Fi de casa. Entretanto, as organiza\u00e7\u00f5es, com vistas a unificar suas filiais, precisam da conectividade entre estas como uma forma de unifica\u00e7\u00e3o e celeridade em seus processos. Para conseguir qualquer tipo de acesso \u00e0 informa\u00e7\u00e3o dentro de uma rede, \u00e9 necess\u00e1rio conhecer os ativos de rede e suas fun\u00e7\u00f5es.<\/p>\n<div class=\"botao-livro-curso\"><button class=\"botao-demo\"><a class=\"link-demo\" href=\"https:\/\/novo.nteditora.com.br\/demos\/tecnico\/ATV_livro_demo.pdf\" target=\"_blank\" rel=\"noopener\">Leia o primeiro cap\u00edtulo GR\u00c1TIS<\/a><\/button><\/div>\n","protected":false},"featured_media":72,"template":"","meta":[],"product_brand":[],"product_cat":[16,19],"product_tag":[],"class_list":{"0":"post-42","1":"product","2":"type-product","3":"status-publish","4":"has-post-thumbnail","6":"product_cat-formacao-tecnico-e-profissional","7":"product_cat-informacao-e-comunicacao","9":"first","10":"onbackorder","11":"taxable","12":"shipping-taxable","13":"purchasable","14":"product-type-simple"},"_links":{"self":[{"href":"http:\/\/novo.nteditora.com.br\/loja\/wp-json\/wp\/v2\/product\/42","targetHints":{"allow":["GET"]}}],"collection":[{"href":"http:\/\/novo.nteditora.com.br\/loja\/wp-json\/wp\/v2\/product"}],"about":[{"href":"http:\/\/novo.nteditora.com.br\/loja\/wp-json\/wp\/v2\/types\/product"}],"wp:featuredmedia":[{"embeddable":true,"href":"http:\/\/novo.nteditora.com.br\/loja\/wp-json\/wp\/v2\/media\/72"}],"wp:attachment":[{"href":"http:\/\/novo.nteditora.com.br\/loja\/wp-json\/wp\/v2\/media?parent=42"}],"wp:term":[{"taxonomy":"product_brand","embeddable":true,"href":"http:\/\/novo.nteditora.com.br\/loja\/wp-json\/wp\/v2\/product_brand?post=42"},{"taxonomy":"product_cat","embeddable":true,"href":"http:\/\/novo.nteditora.com.br\/loja\/wp-json\/wp\/v2\/product_cat?post=42"},{"taxonomy":"product_tag","embeddable":true,"href":"http:\/\/novo.nteditora.com.br\/loja\/wp-json\/wp\/v2\/product_tag?post=42"}],"curies":[{"name":"wp","href":"https:\/\/api.w.org\/{rel}","templated":true}]}}