{"id":43,"date":"2024-05-11T00:10:01","date_gmt":"2024-05-11T03:10:01","guid":{"rendered":"https:\/\/novo.nteditora.com.br\/loja\/?post_type=product&#038;p=43"},"modified":"2024-08-20T09:34:02","modified_gmt":"2024-08-20T12:34:02","slug":"avaliacoes-e-transacoes-imobiliarias","status":"publish","type":"product","link":"http:\/\/novo.nteditora.com.br\/loja\/produto\/avaliacoes-e-transacoes-imobiliarias\/","title":{"rendered":"Avalia\u00e7\u00f5es e Transa\u00e7\u00f5es Imobili\u00e1rias"},"content":{"rendered":"","protected":false},"excerpt":{"rendered":"<p><strong>\u00canio Tavares de Almeida Junior<\/strong><\/p>\n<p>No Brasil, a profiss\u00e3o de corretor de im\u00f3veis foi regulamentada pela Lei n\u00ba 6.530\/1978 e pelo Decreto n\u00ba 81.871\/1978. Para ser um corretor, \u00e9 necess\u00e1rio fazer o Curso de T\u00e9cnico em Transa\u00e7\u00f5es Imobili\u00e1rias e estar registrado no CRECI. Ap\u00f3s a sua regulamenta\u00e7\u00e3o, a profiss\u00e3o vem ganhando cada vez mais destaque no mercado de trabalho e sendo considerada uma excelente fonte de renda para milhares de brasileiros. Em nosso estudo, veremos que a avalia\u00e7\u00e3o de im\u00f3veis era uma atividade privativa dos engenheiros, mas, com o passar do tempo, o desenvolvimento e reconhecimento do corretor de im\u00f3veis como profissional regulamentado, passou a ter mais credibilidade na sociedade, prestando servi\u00e7os cada vez mais relevantes por meio da intermedia\u00e7\u00e3o e da avalia\u00e7\u00e3o de im\u00f3veis.<\/p>\n<div class=\"botao-livro-curso\"><button class=\"botao-demo\"><a class=\"link-demo\" href=\"https:\/\/novo.nteditora.com.br\/demos\/tecnico\/AVT_livro_demo.pdf\" target=\"_blank\" rel=\"noopener\">Leia o primeiro cap\u00edtulo GR\u00c1TIS<\/a><\/button><\/div>\n","protected":false},"featured_media":1223,"template":"","meta":[],"product_brand":[],"product_cat":[16,18],"product_tag":[],"class_list":{"0":"post-43","1":"product","2":"type-product","3":"status-publish","4":"has-post-thumbnail","6":"product_cat-formacao-tecnico-e-profissional","7":"product_cat-gestao-e-negocios","9":"first","10":"onbackorder","11":"taxable","12":"shipping-taxable","13":"purchasable","14":"product-type-simple"},"_links":{"self":[{"href":"http:\/\/novo.nteditora.com.br\/loja\/wp-json\/wp\/v2\/product\/43","targetHints":{"allow":["GET"]}}],"collection":[{"href":"http:\/\/novo.nteditora.com.br\/loja\/wp-json\/wp\/v2\/product"}],"about":[{"href":"http:\/\/novo.nteditora.com.br\/loja\/wp-json\/wp\/v2\/types\/product"}],"wp:featuredmedia":[{"embeddable":true,"href":"http:\/\/novo.nteditora.com.br\/loja\/wp-json\/wp\/v2\/media\/1223"}],"wp:attachment":[{"href":"http:\/\/novo.nteditora.com.br\/loja\/wp-json\/wp\/v2\/media?parent=43"}],"wp:term":[{"taxonomy":"product_brand","embeddable":true,"href":"http:\/\/novo.nteditora.com.br\/loja\/wp-json\/wp\/v2\/product_brand?post=43"},{"taxonomy":"product_cat","embeddable":true,"href":"http:\/\/novo.nteditora.com.br\/loja\/wp-json\/wp\/v2\/product_cat?post=43"},{"taxonomy":"product_tag","embeddable":true,"href":"http:\/\/novo.nteditora.com.br\/loja\/wp-json\/wp\/v2\/product_tag?post=43"}],"curies":[{"name":"wp","href":"https:\/\/api.w.org\/{rel}","templated":true}]}}