{"id":437,"date":"2024-05-31T00:33:34","date_gmt":"2024-05-31T03:33:34","guid":{"rendered":"https:\/\/novo.nteditora.com.br\/loja\/?post_type=product&#038;p=437"},"modified":"2024-08-20T15:00:30","modified_gmt":"2024-08-20T18:00:30","slug":"combo-livro-curso-fundamentos-de-logistica","status":"publish","type":"product","link":"http:\/\/novo.nteditora.com.br\/loja\/produto\/combo-livro-curso-fundamentos-de-logistica\/","title":{"rendered":"Combo Livro + Curso | Fundamentos de Log\u00edstica"},"content":{"rendered":"","protected":false},"excerpt":{"rendered":"<p>Neste combo, voc\u00ea ter\u00e1 acesso ao <strong>Livro e o Curso Online de Fundamentos de Log\u00edstica<\/strong>.<\/p>\n<p>Elaborado com o objetivo de capacitar o leitor a realizar o levantamento peri\u00f3dico e preciso das informa\u00e7\u00f5es relevantes para avaliar o desempenho das atividades realizadas em empresas e operadoras de sistemas log\u00edsticos. A auditoria n\u00e3o s\u00f3 levanta os dados, ela fornece uma base de dados ao longo do tempo para uma avalia\u00e7\u00e3o continuada do desempenho do sistema log\u00edstico. Este livro aborda conceitos, normas, m\u00e9todos e t\u00e9cnicas necess\u00e1rias para que o leitor esteja apto a detalhar e melhor entender o ambiente de trabalho, auditar as fun\u00e7\u00f5es log\u00edsticas para verificar se o sistema log\u00edstico est\u00e1 atingindo os requisitos do mercado, identificar dados-chave necess\u00e1rios ao gerenciamento dos custos, da confiabilidade, do ciclo e da qualidade dos servi\u00e7os desenvolvidos dentro dos sistemas log\u00edsticos.<\/p>\n<p><strong>Informa\u00e7\u00f5es do Curso:<\/strong><\/p>\n<ul>\n<li><strong>Tempo para Conclus\u00e3o:<\/strong> 2 meses<\/li>\n<li><strong>Carga hor\u00e1ria:<\/strong> 40 h<\/li>\n<\/ul>\n<div class=\"botao-livro-curso\"><button class=\"botao-demo\"><a class=\"link-demo\" href=\"https:\/\/novo.nteditora.com.br\/demos\/tecnico\/FUL_livro_demo.pdf\" target=\"_blank\" rel=\"noopener\">Leia o primeiro cap\u00edtulo GR\u00c1TIS<\/a><\/button><br \/>\n<button class=\"botao-demo\"><a class=\"link-demo\" href=\"https:\/\/avant.grupont.com.br\/dirVirtualLMS\/portais\/demos-html5\/ful\/index.html\" target=\"_blank\" rel=\"noopener\">Fa\u00e7a um degusta\u00e7\u00e3o GR\u00c1TIS<\/a><\/button><\/div>\n","protected":false},"featured_media":415,"template":"","meta":[],"product_brand":[],"product_cat":[29],"product_tag":[],"class_list":{"0":"post-437","1":"product","2":"type-product","3":"status-publish","4":"has-post-thumbnail","6":"product_cat-combos","8":"first","9":"instock","10":"sold-individually","11":"taxable","12":"shipping-taxable","13":"purchasable","14":"product-type-wooco"},"_links":{"self":[{"href":"http:\/\/novo.nteditora.com.br\/loja\/wp-json\/wp\/v2\/product\/437","targetHints":{"allow":["GET"]}}],"collection":[{"href":"http:\/\/novo.nteditora.com.br\/loja\/wp-json\/wp\/v2\/product"}],"about":[{"href":"http:\/\/novo.nteditora.com.br\/loja\/wp-json\/wp\/v2\/types\/product"}],"wp:featuredmedia":[{"embeddable":true,"href":"http:\/\/novo.nteditora.com.br\/loja\/wp-json\/wp\/v2\/media\/415"}],"wp:attachment":[{"href":"http:\/\/novo.nteditora.com.br\/loja\/wp-json\/wp\/v2\/media?parent=437"}],"wp:term":[{"taxonomy":"product_brand","embeddable":true,"href":"http:\/\/novo.nteditora.com.br\/loja\/wp-json\/wp\/v2\/product_brand?post=437"},{"taxonomy":"product_cat","embeddable":true,"href":"http:\/\/novo.nteditora.com.br\/loja\/wp-json\/wp\/v2\/product_cat?post=437"},{"taxonomy":"product_tag","embeddable":true,"href":"http:\/\/novo.nteditora.com.br\/loja\/wp-json\/wp\/v2\/product_tag?post=437"}],"curies":[{"name":"wp","href":"https:\/\/api.w.org\/{rel}","templated":true}]}}