{"id":440,"date":"2024-05-29T00:16:26","date_gmt":"2024-05-29T03:16:26","guid":{"rendered":"https:\/\/novo.nteditora.com.br\/loja\/?post_type=product&#038;p=440"},"modified":"2024-08-20T14:54:39","modified_gmt":"2024-08-20T17:54:39","slug":"combo-livro-curso-ferramental-padrao-em-servicos-automotivos","status":"publish","type":"product","link":"http:\/\/novo.nteditora.com.br\/loja\/produto\/combo-livro-curso-ferramental-padrao-em-servicos-automotivos\/","title":{"rendered":"Combo Livro + Curso | Ferramental Padr\u00e3o em Servi\u00e7os Automotivos"},"content":{"rendered":"","protected":false},"excerpt":{"rendered":"<p>Neste combo, voc\u00ea ter\u00e1 acesso ao <strong>Livro e o Curso Online de Ferramental Padr\u00e3o em Servi\u00e7os Automotivos<\/strong>.<\/p>\n<p>A execu\u00e7\u00e3o das atividades desenvolvidas em uma oficina automotiva depende muito do ferramental empregado e de como este \u00e9 utilizado. Dessa forma, para realizar tais servi\u00e7os, \u00e9 necess\u00e1rio que as ferramentas sejam adequadas e que os profissionais sejam qualificados para manuse\u00e1-las. Com efeito, os recursos apropriados ao servi\u00e7o que est\u00e1 sendo efetuado contribuem para o aumento da qualidade e oferecem maior seguran\u00e7a durante a sua execu\u00e7\u00e3o. Assim, as atividades s\u00e3o realizadas em menos tempo, os riscos de acidentes s\u00e3o menores e h\u00e1 uma maior possibilidade de se obter resultados satisfat\u00f3rios. O profissional que realiza manuten\u00e7\u00e3o automotiva deve ser qualificado. Uma das principais etapas dessa qualifica\u00e7\u00e3o \u00e9 o conhecimento e o manuseio adequado do ferramental necess\u00e1rio ao desempenho das suas fun\u00e7\u00f5es. Isso \u00e9 de suma import\u00e2ncia, pois as ferramentas e os instrumentos possuem pap\u00e9is distintos, mas que se complementam durante a manuten\u00e7\u00e3o correta de um autom\u00f3vel.<\/p>\n<p><strong>Informa\u00e7\u00f5es do Curso:<\/strong><\/p>\n<ul>\n<li><strong>Tempo para Conclus\u00e3o:<\/strong> 3 meses<\/li>\n<li><strong>Carga hor\u00e1ria:<\/strong> 80 h<\/li>\n<\/ul>\n<div class=\"botao-livro-curso\"><button class=\"botao-demo\"><a class=\"link-demo\" href=\"https:\/\/novo.nteditora.com.br\/demos\/tecnico\/FSA_livro_demo.pdf\" target=\"_blank\" rel=\"noopener\">Leia o primeiro cap\u00edtulo GR\u00c1TIS<\/a><\/button><br \/>\n<button class=\"botao-demo\"><a class=\"link-demo\" href=\"https:\/\/avant.grupont.com.br\/dirVirtualLMS\/portais\/demos-html5\/fsa\/index.html\" target=\"_blank\" rel=\"noopener\">Fa\u00e7a um degusta\u00e7\u00e3o GR\u00c1TIS<\/a><\/button><\/div>\n","protected":false},"featured_media":418,"template":"","meta":[],"product_brand":[],"product_cat":[29],"product_tag":[],"class_list":{"0":"post-440","1":"product","2":"type-product","3":"status-publish","4":"has-post-thumbnail","6":"product_cat-combos","8":"first","9":"instock","10":"sold-individually","11":"taxable","12":"shipping-taxable","13":"purchasable","14":"product-type-wooco"},"_links":{"self":[{"href":"http:\/\/novo.nteditora.com.br\/loja\/wp-json\/wp\/v2\/product\/440","targetHints":{"allow":["GET"]}}],"collection":[{"href":"http:\/\/novo.nteditora.com.br\/loja\/wp-json\/wp\/v2\/product"}],"about":[{"href":"http:\/\/novo.nteditora.com.br\/loja\/wp-json\/wp\/v2\/types\/product"}],"wp:featuredmedia":[{"embeddable":true,"href":"http:\/\/novo.nteditora.com.br\/loja\/wp-json\/wp\/v2\/media\/418"}],"wp:attachment":[{"href":"http:\/\/novo.nteditora.com.br\/loja\/wp-json\/wp\/v2\/media?parent=440"}],"wp:term":[{"taxonomy":"product_brand","embeddable":true,"href":"http:\/\/novo.nteditora.com.br\/loja\/wp-json\/wp\/v2\/product_brand?post=440"},{"taxonomy":"product_cat","embeddable":true,"href":"http:\/\/novo.nteditora.com.br\/loja\/wp-json\/wp\/v2\/product_cat?post=440"},{"taxonomy":"product_tag","embeddable":true,"href":"http:\/\/novo.nteditora.com.br\/loja\/wp-json\/wp\/v2\/product_tag?post=440"}],"curies":[{"name":"wp","href":"https:\/\/api.w.org\/{rel}","templated":true}]}}