{"id":443,"date":"2024-05-29T00:17:23","date_gmt":"2024-05-29T03:17:23","guid":{"rendered":"https:\/\/novo.nteditora.com.br\/loja\/?post_type=product&#038;p=443"},"modified":"2024-08-20T15:00:18","modified_gmt":"2024-08-20T18:00:18","slug":"combo-livro-curso-fundamentos-de-fisico-quimica-aplicados","status":"publish","type":"product","link":"http:\/\/novo.nteditora.com.br\/loja\/produto\/combo-livro-curso-fundamentos-de-fisico-quimica-aplicados\/","title":{"rendered":"Combo Livro + Curso | Fundamentos de F\u00edsico-Qu\u00edmica Aplicados"},"content":{"rendered":"","protected":false},"excerpt":{"rendered":"<p>Neste combo, voc\u00ea ter\u00e1 acesso ao <strong>Livro e o Curso Online de Fundamentos de F\u00edsico-Qu\u00edmica Aplicados<\/strong>.<\/p>\n<p>Um bom profissional de manuten\u00e7\u00e3o automotiva sabe como um autom\u00f3vel funciona, para isso \u00e9 imprescind\u00edvel que se tenha conhecimentos sobre alguns fen\u00f4menos f\u00edsicos e qu\u00edmicos de interesse. A temperatura de um componente e a apar\u00eancia de \u00f3leos, por exemplo, podem fornecer ind\u00edcios da situa\u00e7\u00e3o em que o autom\u00f3vel se encontra. Mas para a correta interpreta\u00e7\u00e3o desses sinais voc\u00ea deve, antes, entender alguns conceitos pertinentes ao escopo deste componente curricular. O estudo com dedica\u00e7\u00e3o e seriedade \u00e9 fundamental para que voc\u00ea tenha um bom desenvolvimento na sua carreira. Portanto, aproveite cada li\u00e7\u00e3o, tenha paci\u00eancia e tenha foco. Lembre-se que antes de se tornar um grande profissional, voc\u00ea deve ser um grande aprendiz.<\/p>\n<p><strong>Informa\u00e7\u00f5es do Curso:<\/strong><\/p>\n<ul>\n<li><strong>Tempo para Conclus\u00e3o:<\/strong> 2 meses<\/li>\n<li><strong>Carga hor\u00e1ria:<\/strong> 60 h<\/li>\n<\/ul>\n<div class=\"botao-livro-curso\"><button class=\"botao-demo\"><a class=\"link-demo\" href=\"https:\/\/novo.nteditora.com.br\/demos\/tecnico\/FQA_livro_demo.pdf\" target=\"_blank\" rel=\"noopener\">Leia o primeiro cap\u00edtulo GR\u00c1TIS<\/a><\/button><br \/>\n<button class=\"botao-demo\"><a class=\"link-demo\" href=\"https:\/\/avant.grupont.com.br\/dirVirtualLMS\/portais\/demos-html5\/fqa\/index.html\" target=\"_blank\" rel=\"noopener\">Fa\u00e7a um degusta\u00e7\u00e3o GR\u00c1TIS<\/a><\/button><\/div>\n","protected":false},"featured_media":414,"template":"","meta":[],"product_brand":[],"product_cat":[29],"product_tag":[],"class_list":{"0":"post-443","1":"product","2":"type-product","3":"status-publish","4":"has-post-thumbnail","6":"product_cat-combos","8":"first","9":"instock","10":"sold-individually","11":"taxable","12":"shipping-taxable","13":"purchasable","14":"product-type-wooco"},"_links":{"self":[{"href":"http:\/\/novo.nteditora.com.br\/loja\/wp-json\/wp\/v2\/product\/443","targetHints":{"allow":["GET"]}}],"collection":[{"href":"http:\/\/novo.nteditora.com.br\/loja\/wp-json\/wp\/v2\/product"}],"about":[{"href":"http:\/\/novo.nteditora.com.br\/loja\/wp-json\/wp\/v2\/types\/product"}],"wp:featuredmedia":[{"embeddable":true,"href":"http:\/\/novo.nteditora.com.br\/loja\/wp-json\/wp\/v2\/media\/414"}],"wp:attachment":[{"href":"http:\/\/novo.nteditora.com.br\/loja\/wp-json\/wp\/v2\/media?parent=443"}],"wp:term":[{"taxonomy":"product_brand","embeddable":true,"href":"http:\/\/novo.nteditora.com.br\/loja\/wp-json\/wp\/v2\/product_brand?post=443"},{"taxonomy":"product_cat","embeddable":true,"href":"http:\/\/novo.nteditora.com.br\/loja\/wp-json\/wp\/v2\/product_cat?post=443"},{"taxonomy":"product_tag","embeddable":true,"href":"http:\/\/novo.nteditora.com.br\/loja\/wp-json\/wp\/v2\/product_tag?post=443"}],"curies":[{"name":"wp","href":"https:\/\/api.w.org\/{rel}","templated":true}]}}