{"id":454,"date":"2024-06-02T00:05:44","date_gmt":"2024-06-02T03:05:44","guid":{"rendered":"https:\/\/novo.nteditora.com.br\/loja\/?post_type=product&#038;p=454"},"modified":"2024-08-20T14:54:57","modified_gmt":"2024-08-20T17:54:57","slug":"combo-livro-curso-fisica-aplicada-a-edificacoes","status":"publish","type":"product","link":"http:\/\/novo.nteditora.com.br\/loja\/produto\/combo-livro-curso-fisica-aplicada-a-edificacoes\/","title":{"rendered":"Combo Livro + Curso | F\u00edsica Aplicada a Edifica\u00e7\u00f5es"},"content":{"rendered":"","protected":false},"excerpt":{"rendered":"<p>Neste combo, voc\u00ea ter\u00e1 acesso ao <strong>Livro e o Curso Online de F\u00edsica Aplicada a Edifica\u00e7\u00f5es<\/strong>.<\/p>\n<p>A ci\u00eancia est\u00e1 presente nas edifica\u00e7\u00f5es em diversos aspectos. A F\u00edsica \u00e9 uma dessas ci\u00eancias, que tem papel fundamental na constru\u00e7\u00e3o civil, uma vez que prov\u00ea os conhecimentos que viabilizam o avan\u00e7o e a moderniza\u00e7\u00e3o das edifica\u00e7\u00f5es, al\u00e9m de serem essenciais \u00e0 pr\u00f3pria exist\u00eancia delas na forma como s\u00e3o hoje. Assim, trazemos o conte\u00fado dessa ci\u00eancia de maneira n\u00e3o apenas te\u00f3rica, mas com exerc\u00edcios que visam a desenvolver em voc\u00ea a capacidade de resolu\u00e7\u00e3o de problemas relacionados \u00e0 F\u00edsica em edifica\u00e7\u00f5es.<\/p>\n<p><strong>Informa\u00e7\u00f5es do Curso:<\/strong><\/p>\n<ul>\n<li><strong>Tempo para Conclus\u00e3o:<\/strong> 2 meses<\/li>\n<li><strong>Carga hor\u00e1ria:<\/strong> 60 h<\/li>\n<\/ul>\n<div class=\"botao-livro-curso\"><button class=\"botao-demo\"><a class=\"link-demo\" href=\"https:\/\/novo.nteditora.com.br\/demos\/tecnico\/FAE_livro_demo.pdf\" target=\"_blank\" rel=\"noopener\">Leia o primeiro cap\u00edtulo GR\u00c1TIS<\/a><\/button><br \/>\n<button class=\"botao-demo\"><a class=\"link-demo\" href=\"https:\/\/avant.grupont.com.br\/dirVirtualLMS\/portais\/demos-html5\/fae\/index.html\" target=\"_blank\" rel=\"noopener\">Fa\u00e7a um degusta\u00e7\u00e3o GR\u00c1TIS<\/a><\/button><\/div>\n","protected":false},"featured_media":438,"template":"","meta":[],"product_brand":[],"product_cat":[29],"product_tag":[],"class_list":{"0":"post-454","1":"product","2":"type-product","3":"status-publish","4":"has-post-thumbnail","6":"product_cat-combos","8":"first","9":"instock","10":"sold-individually","11":"taxable","12":"shipping-taxable","13":"purchasable","14":"product-type-wooco"},"_links":{"self":[{"href":"http:\/\/novo.nteditora.com.br\/loja\/wp-json\/wp\/v2\/product\/454","targetHints":{"allow":["GET"]}}],"collection":[{"href":"http:\/\/novo.nteditora.com.br\/loja\/wp-json\/wp\/v2\/product"}],"about":[{"href":"http:\/\/novo.nteditora.com.br\/loja\/wp-json\/wp\/v2\/types\/product"}],"wp:featuredmedia":[{"embeddable":true,"href":"http:\/\/novo.nteditora.com.br\/loja\/wp-json\/wp\/v2\/media\/438"}],"wp:attachment":[{"href":"http:\/\/novo.nteditora.com.br\/loja\/wp-json\/wp\/v2\/media?parent=454"}],"wp:term":[{"taxonomy":"product_brand","embeddable":true,"href":"http:\/\/novo.nteditora.com.br\/loja\/wp-json\/wp\/v2\/product_brand?post=454"},{"taxonomy":"product_cat","embeddable":true,"href":"http:\/\/novo.nteditora.com.br\/loja\/wp-json\/wp\/v2\/product_cat?post=454"},{"taxonomy":"product_tag","embeddable":true,"href":"http:\/\/novo.nteditora.com.br\/loja\/wp-json\/wp\/v2\/product_tag?post=454"}],"curies":[{"name":"wp","href":"https:\/\/api.w.org\/{rel}","templated":true}]}}