{"id":47,"date":"2024-05-12T00:05:01","date_gmt":"2024-05-12T03:05:01","guid":{"rendered":"https:\/\/novo.nteditora.com.br\/loja\/?post_type=product&#038;p=47"},"modified":"2024-08-20T09:34:02","modified_gmt":"2024-08-20T12:34:02","slug":"cabeamento-estruturado-e-projeto-de-redes","status":"publish","type":"product","link":"http:\/\/novo.nteditora.com.br\/loja\/produto\/cabeamento-estruturado-e-projeto-de-redes\/","title":{"rendered":"Cabeamento Estruturado e Projeto de Redes"},"content":{"rendered":"","protected":false},"excerpt":{"rendered":"<p><strong>Th\u00e1lisson de Oliveira Lopes<\/strong><\/p>\n<p>Um projeto de redes de computadores consiste em um estudo (ou planejamento) detalhado, destinado \u00e0 implanta\u00e7\u00e3o de uma rede de computadores que possa satisfazer as necessidades de algu\u00e9m (pessoa f\u00edsica ou jur\u00eddica), sendo o compartilhamento de informa\u00e7\u00f5es e recursos o objetivo mais comum. Este material apresenta as t\u00e9cnicas, os equipamentos, as ferramentas e os requisitos t\u00e9cnicos e funcionais necess\u00e1rios ao projeto, \u00e0 instala\u00e7\u00e3o e \u00e0 certifica\u00e7\u00e3o de redes estruturadas de dados de pequeno, m\u00e9dio e grande portes.<\/p>\n<div class=\"botao-livro-curso\"><button class=\"botao-demo\"><a class=\"link-demo\" href=\"https:\/\/novo.nteditora.com.br\/demos\/tecnico\/CAB_livro_demo.pdf\" target=\"_blank\" rel=\"noopener\">Leia o primeiro cap\u00edtulo GR\u00c1TIS<\/a><\/button><\/div>\n","protected":false},"featured_media":77,"template":"","meta":[],"product_brand":[],"product_cat":[16,19],"product_tag":[],"class_list":{"0":"post-47","1":"product","2":"type-product","3":"status-publish","4":"has-post-thumbnail","6":"product_cat-formacao-tecnico-e-profissional","7":"product_cat-informacao-e-comunicacao","9":"first","10":"onbackorder","11":"taxable","12":"shipping-taxable","13":"purchasable","14":"product-type-simple"},"_links":{"self":[{"href":"http:\/\/novo.nteditora.com.br\/loja\/wp-json\/wp\/v2\/product\/47","targetHints":{"allow":["GET"]}}],"collection":[{"href":"http:\/\/novo.nteditora.com.br\/loja\/wp-json\/wp\/v2\/product"}],"about":[{"href":"http:\/\/novo.nteditora.com.br\/loja\/wp-json\/wp\/v2\/types\/product"}],"wp:featuredmedia":[{"embeddable":true,"href":"http:\/\/novo.nteditora.com.br\/loja\/wp-json\/wp\/v2\/media\/77"}],"wp:attachment":[{"href":"http:\/\/novo.nteditora.com.br\/loja\/wp-json\/wp\/v2\/media?parent=47"}],"wp:term":[{"taxonomy":"product_brand","embeddable":true,"href":"http:\/\/novo.nteditora.com.br\/loja\/wp-json\/wp\/v2\/product_brand?post=47"},{"taxonomy":"product_cat","embeddable":true,"href":"http:\/\/novo.nteditora.com.br\/loja\/wp-json\/wp\/v2\/product_cat?post=47"},{"taxonomy":"product_tag","embeddable":true,"href":"http:\/\/novo.nteditora.com.br\/loja\/wp-json\/wp\/v2\/product_tag?post=47"}],"curies":[{"name":"wp","href":"https:\/\/api.w.org\/{rel}","templated":true}]}}