{"id":485,"date":"2024-05-31T00:23:48","date_gmt":"2024-05-31T03:23:48","guid":{"rendered":"https:\/\/novo.nteditora.com.br\/loja\/?post_type=product&#038;p=485"},"modified":"2024-08-20T14:23:27","modified_gmt":"2024-08-20T17:23:27","slug":"combo-livro-curso-elaboracao-de-orcamentos-de-vendas","status":"publish","type":"product","link":"http:\/\/novo.nteditora.com.br\/loja\/produto\/combo-livro-curso-elaboracao-de-orcamentos-de-vendas\/","title":{"rendered":"Combo Livro + Curso | Elabora\u00e7\u00e3o de Or\u00e7amentos de Vendas"},"content":{"rendered":"","protected":false},"excerpt":{"rendered":"<p>Neste combo, voc\u00ea ter\u00e1 acesso ao <strong>Livro e o Curso Online de Elabora\u00e7\u00e3o de Or\u00e7amentos de Vendas<\/strong>.<\/p>\n<p>Apresenta os conceitos, os m\u00e9todos e as t\u00e9cnicas indispens\u00e1veis \u00e0 identifica\u00e7\u00e3o de todas as despesas da empresa, com o objetivo de prever o custo e determinar o lucro na comercializa\u00e7\u00e3o de produtos e servi\u00e7os. O or\u00e7amento de vendas \u00e9 utilizado para estimar a quantidade de cada produto que a empresa deseja vender em um determinado per\u00edodo, a receita a ser obtida com a venda, bem como as despesas de vendas, de distribui\u00e7\u00e3o e administrativas envolvidas nesse processo. O conte\u00fado apresenta, ainda, t\u00e9cnicas adequadas \u00e0 elabora\u00e7\u00e3o de propostas e de or\u00e7amentos de vendas e sua apresenta\u00e7\u00e3o ao cliente.<\/p>\n<p><strong>Informa\u00e7\u00f5es do Curso:<\/strong><\/p>\n<ul>\n<li><strong>Tempo para Conclus\u00e3o:<\/strong> 2 meses<\/li>\n<li><strong>Carga hor\u00e1ria:<\/strong> 40 h<\/li>\n<\/ul>\n<div class=\"botao-livro-curso\"><button class=\"botao-demo\"><a class=\"link-demo\" href=\"https:\/\/novo.nteditora.com.br\/demos\/tecnico\/EOV_livro_demo.pdf\" target=\"_blank\" rel=\"noopener\">Leia o primeiro cap\u00edtulo GR\u00c1TIS<\/a><\/button><br \/>\n<button class=\"botao-demo\"><a class=\"link-demo\" href=\"https:\/\/avant.grupont.com.br\/dirVirtualLMS\/portais\/demos-html5\/eov\/index.html\" target=\"_blank\" rel=\"noopener\">Fa\u00e7a um degusta\u00e7\u00e3o GR\u00c1TIS<\/a><\/button><\/div>\n","protected":false},"featured_media":1359,"template":"","meta":[],"product_brand":[],"product_cat":[29],"product_tag":[],"class_list":{"0":"post-485","1":"product","2":"type-product","3":"status-publish","4":"has-post-thumbnail","6":"product_cat-combos","8":"first","9":"instock","10":"sold-individually","11":"taxable","12":"shipping-taxable","13":"purchasable","14":"product-type-wooco"},"_links":{"self":[{"href":"http:\/\/novo.nteditora.com.br\/loja\/wp-json\/wp\/v2\/product\/485","targetHints":{"allow":["GET"]}}],"collection":[{"href":"http:\/\/novo.nteditora.com.br\/loja\/wp-json\/wp\/v2\/product"}],"about":[{"href":"http:\/\/novo.nteditora.com.br\/loja\/wp-json\/wp\/v2\/types\/product"}],"wp:featuredmedia":[{"embeddable":true,"href":"http:\/\/novo.nteditora.com.br\/loja\/wp-json\/wp\/v2\/media\/1359"}],"wp:attachment":[{"href":"http:\/\/novo.nteditora.com.br\/loja\/wp-json\/wp\/v2\/media?parent=485"}],"wp:term":[{"taxonomy":"product_brand","embeddable":true,"href":"http:\/\/novo.nteditora.com.br\/loja\/wp-json\/wp\/v2\/product_brand?post=485"},{"taxonomy":"product_cat","embeddable":true,"href":"http:\/\/novo.nteditora.com.br\/loja\/wp-json\/wp\/v2\/product_cat?post=485"},{"taxonomy":"product_tag","embeddable":true,"href":"http:\/\/novo.nteditora.com.br\/loja\/wp-json\/wp\/v2\/product_tag?post=485"}],"curies":[{"name":"wp","href":"https:\/\/api.w.org\/{rel}","templated":true}]}}