{"id":491,"date":"2024-05-31T00:24:28","date_gmt":"2024-05-31T03:24:28","guid":{"rendered":"https:\/\/novo.nteditora.com.br\/loja\/?post_type=product&#038;p=491"},"modified":"2024-08-20T14:42:53","modified_gmt":"2024-08-20T17:42:53","slug":"combo-livro-curso-empreendedorismo","status":"publish","type":"product","link":"http:\/\/novo.nteditora.com.br\/loja\/produto\/combo-livro-curso-empreendedorismo\/","title":{"rendered":"Combo Livro + Curso | Empreendedorismo"},"content":{"rendered":"","protected":false},"excerpt":{"rendered":"<p>Neste combo, voc\u00ea ter\u00e1 acesso ao <strong>Livro e o Curso Online de Empreendedorismo<\/strong>.<\/p>\n<p>Voc\u00ea conhecer\u00e1 a import\u00e2ncia de identificar reais oportunidades empreendedoras e de avali\u00e1-las corretamente para transformar oportunidades em neg\u00f3cios de sucesso. Ser\u00e3o apresentados os principais tipos de empreendedorismo, as caracter\u00edsticas dos empreendedores que formam o chamado comportamento empreendedor, os principais mitos sobre empreendedores, entre outros assuntos relacionados a essa tem\u00e1tica. Com os conceitos e exemplos apresentados, o leitor estar\u00e1 mais preparado para tomar a decis\u00e3o de se tornar um empreendedor ou mesmo de adotar uma postura empreendedora dentro da organiza\u00e7\u00e3o na qual trabalha.<\/p>\n<p><strong>Informa\u00e7\u00f5es do Curso:<\/strong><\/p>\n<ul>\n<li><strong>Tempo para Conclus\u00e3o:<\/strong> 2 meses<\/li>\n<li><strong>Carga hor\u00e1ria:<\/strong> 40 h<\/li>\n<\/ul>\n<div class=\"botao-livro-curso\"><button class=\"botao-demo\"><a class=\"link-demo\" href=\"https:\/\/novo.nteditora.com.br\/demos\/tecnico\/EMP_livro_demo.pdf\" target=\"_blank\" rel=\"noopener\">Leia o primeiro cap\u00edtulo GR\u00c1TIS<\/a><\/button><br \/>\n<button class=\"botao-demo\"><a class=\"link-demo\" href=\"https:\/\/avant.grupont.com.br\/dirVirtualLMS\/portais\/demos-html5\/emp\/index.html\" target=\"_blank\" rel=\"noopener\">Fa\u00e7a um degusta\u00e7\u00e3o GR\u00c1TIS<\/a><\/button><\/div>\n","protected":false},"featured_media":474,"template":"","meta":[],"product_brand":[],"product_cat":[29],"product_tag":[],"class_list":{"0":"post-491","1":"product","2":"type-product","3":"status-publish","4":"has-post-thumbnail","6":"product_cat-combos","8":"first","9":"instock","10":"sold-individually","11":"taxable","12":"shipping-taxable","13":"purchasable","14":"product-type-wooco"},"_links":{"self":[{"href":"http:\/\/novo.nteditora.com.br\/loja\/wp-json\/wp\/v2\/product\/491","targetHints":{"allow":["GET"]}}],"collection":[{"href":"http:\/\/novo.nteditora.com.br\/loja\/wp-json\/wp\/v2\/product"}],"about":[{"href":"http:\/\/novo.nteditora.com.br\/loja\/wp-json\/wp\/v2\/types\/product"}],"wp:featuredmedia":[{"embeddable":true,"href":"http:\/\/novo.nteditora.com.br\/loja\/wp-json\/wp\/v2\/media\/474"}],"wp:attachment":[{"href":"http:\/\/novo.nteditora.com.br\/loja\/wp-json\/wp\/v2\/media?parent=491"}],"wp:term":[{"taxonomy":"product_brand","embeddable":true,"href":"http:\/\/novo.nteditora.com.br\/loja\/wp-json\/wp\/v2\/product_brand?post=491"},{"taxonomy":"product_cat","embeddable":true,"href":"http:\/\/novo.nteditora.com.br\/loja\/wp-json\/wp\/v2\/product_cat?post=491"},{"taxonomy":"product_tag","embeddable":true,"href":"http:\/\/novo.nteditora.com.br\/loja\/wp-json\/wp\/v2\/product_tag?post=491"}],"curies":[{"name":"wp","href":"https:\/\/api.w.org\/{rel}","templated":true}]}}