{"id":509,"date":"2024-05-29T00:05:15","date_gmt":"2024-05-29T03:05:15","guid":{"rendered":"https:\/\/novo.nteditora.com.br\/loja\/?post_type=product&#038;p=509"},"modified":"2024-08-20T14:23:32","modified_gmt":"2024-08-20T17:23:32","slug":"combo-livro-curso-eletricidade-aplicada-a-informatica","status":"publish","type":"product","link":"http:\/\/novo.nteditora.com.br\/loja\/produto\/combo-livro-curso-eletricidade-aplicada-a-informatica\/","title":{"rendered":"Combo Livro + Curso | Eletricidade Aplicada \u00e0 Inform\u00e1tica"},"content":{"rendered":"","protected":false},"excerpt":{"rendered":"<p>Neste combo, voc\u00ea ter\u00e1 acesso ao <strong>Livro e o Curso Online de Eletricidade Aplicada \u00e0 Inform\u00e1tica<\/strong>.<\/p>\n<div id=\"nav-desc\" class=\"tab-pane fade show active\" role=\"tabpanel\" aria-labelledby=\"nav-desc-tab\">A Eletricidade \u00e9 a \u00e1rea da ci\u00eancia que trata das grandezas f\u00edsicas el\u00e9tricas e seus conceitos fundamentais, como por exemplo, corrente, tens\u00e3o, pot\u00eancia, energia el\u00e9trica e resist\u00eancia el\u00e9trica, bem como da an\u00e1lise do comportamento dos dispositivos eletroeletr\u00f4nicos e suas aplica\u00e7\u00f5es pr\u00e1ticas; seja na ind\u00fastria ou em nosso cotidiano moderno. Pode-se dizer que \u00e9 a parte da F\u00edsica que estuda tanto a eletrost\u00e1tica quanto a eletrodin\u00e2mica, constituindo, sobretudo, um estudo do comportamento el\u00e9trico de um circuito el\u00e9trico. Em particular, como exemplos de aplica\u00e7\u00f5es da Eletricidade Aplicada \u00e0 Inform\u00e1tica, podemos mencionar: a confec\u00e7\u00e3o, a manuten\u00e7\u00e3o e as formas de conex\u00f5es das placas de computadores, o funcionamento dos resistores, capacitores, indutores, diodos semicondutores, transistores bipolares, circuitos integrados, fontes de alimenta\u00e7\u00e3o (12 V), bem como a utiliza\u00e7\u00e3o\/conex\u00e3o dos cabos de energia utilizados na instala\u00e7\u00e3o de sistemas computacionais.<\/div>\n<p><strong>Informa\u00e7\u00f5es do Curso:<\/strong><\/p>\n<ul>\n<li><strong>Tempo para Conclus\u00e3o:<\/strong> 2 meses<\/li>\n<li><strong>Carga hor\u00e1ria:<\/strong> 40 h<\/li>\n<\/ul>\n<div class=\"botao-livro-curso\"><button class=\"botao-demo\"><a class=\"link-demo\" href=\"https:\/\/novo.nteditora.com.br\/demos\/tecnico\/EAI_livro_demo.pdf\" target=\"_blank\" rel=\"noopener\">Leia o primeiro cap\u00edtulo GR\u00c1TIS<\/a><\/button><br \/>\n<button class=\"botao-demo\"><a class=\"link-demo\" href=\"https:\/\/avant.grupont.com.br\/dirVirtualLMS\/portais\/demos-html5\/eai\/index.html\" target=\"_blank\" rel=\"noopener\">Fa\u00e7a um degusta\u00e7\u00e3o GR\u00c1TIS<\/a><\/button><\/div>\n","protected":false},"featured_media":543,"template":"","meta":[],"product_brand":[],"product_cat":[29],"product_tag":[],"class_list":{"0":"post-509","1":"product","2":"type-product","3":"status-publish","4":"has-post-thumbnail","6":"product_cat-combos","8":"first","9":"instock","10":"sold-individually","11":"taxable","12":"shipping-taxable","13":"purchasable","14":"product-type-wooco"},"_links":{"self":[{"href":"http:\/\/novo.nteditora.com.br\/loja\/wp-json\/wp\/v2\/product\/509","targetHints":{"allow":["GET"]}}],"collection":[{"href":"http:\/\/novo.nteditora.com.br\/loja\/wp-json\/wp\/v2\/product"}],"about":[{"href":"http:\/\/novo.nteditora.com.br\/loja\/wp-json\/wp\/v2\/types\/product"}],"wp:featuredmedia":[{"embeddable":true,"href":"http:\/\/novo.nteditora.com.br\/loja\/wp-json\/wp\/v2\/media\/543"}],"wp:attachment":[{"href":"http:\/\/novo.nteditora.com.br\/loja\/wp-json\/wp\/v2\/media?parent=509"}],"wp:term":[{"taxonomy":"product_brand","embeddable":true,"href":"http:\/\/novo.nteditora.com.br\/loja\/wp-json\/wp\/v2\/product_brand?post=509"},{"taxonomy":"product_cat","embeddable":true,"href":"http:\/\/novo.nteditora.com.br\/loja\/wp-json\/wp\/v2\/product_cat?post=509"},{"taxonomy":"product_tag","embeddable":true,"href":"http:\/\/novo.nteditora.com.br\/loja\/wp-json\/wp\/v2\/product_tag?post=509"}],"curies":[{"name":"wp","href":"https:\/\/api.w.org\/{rel}","templated":true}]}}