{"id":535,"date":"2024-06-02T00:02:44","date_gmt":"2024-06-02T03:02:44","guid":{"rendered":"https:\/\/novo.nteditora.com.br\/loja\/?post_type=product&#038;p=535"},"modified":"2024-08-20T14:12:28","modified_gmt":"2024-08-20T17:12:28","slug":"combo-livro-curso-desenho-auxiliado-por-computador","status":"publish","type":"product","link":"http:\/\/novo.nteditora.com.br\/loja\/produto\/combo-livro-curso-desenho-auxiliado-por-computador\/","title":{"rendered":"Combo Livro + Curso | Desenho Auxiliado por Computador"},"content":{"rendered":"","protected":false},"excerpt":{"rendered":"<p>Neste combo, voc\u00ea ter\u00e1 acesso ao <strong>Livro e o Curso Online de Desenho Auxiliado por Computador<\/strong>.<\/p>\n<div id=\"nav-desc\" class=\"tab-pane fade show active\" role=\"tabpanel\" aria-labelledby=\"nav-desc-tab\">A evolu\u00e7\u00e3o das ferramentas computacionais permitiu uma revolu\u00e7\u00e3o na representa\u00e7\u00e3o dos desenhos t\u00e9cnicos, sejam eles de arquitetura, engenharia ou de quaisquer outras disciplinas que necessitem de desenhos t\u00e9cnicos. Os desenhos, que antes eram feitos \u00e0 m\u00e3o, atualmente podem ser desenvolvidos no computador, com o auxilio de diversos softwares. Isso aumenta a capacidade produtiva, minimiza erros e amplia a capacidade t\u00e9cnica dos profissionais envolvidos. Este material apresenta passo a passo e ir\u00e1 capacit\u00e1-lo a utilizar o software AutoCAD bidimensional, da Autodesk, que \u00e9 o principal software para Desenho Assistido por Computador utilizado por arquitetos, engenheiros e t\u00e9cnicos em edifica\u00e7\u00f5es em todo o mundo.<\/div>\n<p><strong>Informa\u00e7\u00f5es do Curso:<\/strong><\/p>\n<ul>\n<li><strong>Tempo para Conclus\u00e3o:<\/strong> 3 meses<\/li>\n<li><strong>Carga hor\u00e1ria:<\/strong> 100 h<\/li>\n<\/ul>\n<div class=\"botao-livro-curso\"><button class=\"botao-demo\"><a class=\"link-demo\" href=\"https:\/\/novo.nteditora.com.br\/demos\/tecnico\/DAC_livro_demo.pdf\" target=\"_blank\" rel=\"noopener\">Leia o primeiro cap\u00edtulo GR\u00c1TIS<\/a><\/button><br \/>\n<button class=\"botao-demo\"><a class=\"link-demo\" href=\"https:\/\/avant.grupont.com.br\/dirVirtualLMS\/portais\/demos-html5\/dac\/index.html\" target=\"_blank\" rel=\"noopener\">Fa\u00e7a um degusta\u00e7\u00e3o GR\u00c1TIS<\/a><\/button><\/div>\n","protected":false},"featured_media":603,"template":"","meta":[],"product_brand":[],"product_cat":[29],"product_tag":[],"class_list":{"0":"post-535","1":"product","2":"type-product","3":"status-publish","4":"has-post-thumbnail","6":"product_cat-combos","8":"first","9":"instock","10":"sold-individually","11":"taxable","12":"shipping-taxable","13":"purchasable","14":"product-type-wooco"},"_links":{"self":[{"href":"http:\/\/novo.nteditora.com.br\/loja\/wp-json\/wp\/v2\/product\/535","targetHints":{"allow":["GET"]}}],"collection":[{"href":"http:\/\/novo.nteditora.com.br\/loja\/wp-json\/wp\/v2\/product"}],"about":[{"href":"http:\/\/novo.nteditora.com.br\/loja\/wp-json\/wp\/v2\/types\/product"}],"wp:featuredmedia":[{"embeddable":true,"href":"http:\/\/novo.nteditora.com.br\/loja\/wp-json\/wp\/v2\/media\/603"}],"wp:attachment":[{"href":"http:\/\/novo.nteditora.com.br\/loja\/wp-json\/wp\/v2\/media?parent=535"}],"wp:term":[{"taxonomy":"product_brand","embeddable":true,"href":"http:\/\/novo.nteditora.com.br\/loja\/wp-json\/wp\/v2\/product_brand?post=535"},{"taxonomy":"product_cat","embeddable":true,"href":"http:\/\/novo.nteditora.com.br\/loja\/wp-json\/wp\/v2\/product_cat?post=535"},{"taxonomy":"product_tag","embeddable":true,"href":"http:\/\/novo.nteditora.com.br\/loja\/wp-json\/wp\/v2\/product_tag?post=535"}],"curies":[{"name":"wp","href":"https:\/\/api.w.org\/{rel}","templated":true}]}}