{"id":561,"date":"2024-05-31T00:10:33","date_gmt":"2024-05-31T03:10:33","guid":{"rendered":"https:\/\/novo.nteditora.com.br\/loja\/?post_type=product&#038;p=561"},"modified":"2024-08-20T14:00:11","modified_gmt":"2024-08-20T17:00:11","slug":"combo-livro-curso-avaliacoes-e-transacoes-imobiliarias","status":"publish","type":"product","link":"http:\/\/novo.nteditora.com.br\/loja\/produto\/combo-livro-curso-avaliacoes-e-transacoes-imobiliarias\/","title":{"rendered":"Combo Livro + Curso | Avalia\u00e7\u00f5es e Transa\u00e7\u00f5es Imobili\u00e1rias"},"content":{"rendered":"","protected":false},"excerpt":{"rendered":"<p>Neste combo, voc\u00ea ter\u00e1 acesso ao <strong>Livro e o Curso Online de Avalia\u00e7\u00f5es e Transa\u00e7\u00f5es Imobili\u00e1rias.<\/strong><\/p>\n<div id=\"nav-desc\" class=\"tab-pane fade show active\" role=\"tabpanel\" aria-labelledby=\"nav-desc-tab\">No Brasil, a profiss\u00e3o de corretor de im\u00f3veis foi regulamentada pela Lei n\u00ba 6.530\/1978 e pelo Decreto n\u00ba 81.871\/1978. Para ser um corretor, \u00e9 necess\u00e1rio fazer o Curso de T\u00e9cnico em Transa\u00e7\u00f5es Imobili\u00e1rias e estar registrado no CRECI. Ap\u00f3s a sua regulamenta\u00e7\u00e3o, a profiss\u00e3o vem ganhando cada vez mais destaque no mercado de trabalho e sendo considerada uma excelente fonte de renda para milhares de brasileiros. Em nosso estudo, veremos que a avalia\u00e7\u00e3o de im\u00f3veis era uma atividade privativa dos engenheiros, mas, com o passar do tempo, o desenvolvimento e reconhecimento do corretor de im\u00f3veis como profissional regulamentado, passou a ter mais credibilidade na sociedade, prestando servi\u00e7os cada vez mais relevantes por meio da intermedia\u00e7\u00e3o e da avalia\u00e7\u00e3o de im\u00f3veis.<\/div>\n<p><strong>Informa\u00e7\u00f5es do Curso:<\/strong><\/p>\n<ul>\n<li><strong>Tempo para Conclus\u00e3o:<\/strong> 2 meses<\/li>\n<li><strong>Carga hor\u00e1ria:<\/strong> 60 h<\/li>\n<\/ul>\n<div class=\"botao-livro-curso\"><button class=\"botao-demo\"><a class=\"link-demo\" href=\"https:\/\/novo.nteditora.com.br\/demos\/tecnico\/AVT_livro_demo.pdf\" target=\"_blank\" rel=\"noopener\">Leia o primeiro cap\u00edtulo GR\u00c1TIS<\/a><\/button><br \/>\n<button class=\"botao-demo\"><a class=\"link-demo\" href=\"https:\/\/avant.grupont.com.br\/dirVirtualLMS\/portais\/demos-html5\/avt\/index.html\" target=\"_blank\" rel=\"noopener\">Fa\u00e7a um degusta\u00e7\u00e3o GR\u00c1TIS<\/a><\/button><\/div>\n","protected":false},"featured_media":682,"template":"","meta":[],"product_brand":[],"product_cat":[29],"product_tag":[],"class_list":{"0":"post-561","1":"product","2":"type-product","3":"status-publish","4":"has-post-thumbnail","6":"product_cat-combos","8":"first","9":"instock","10":"sold-individually","11":"taxable","12":"shipping-taxable","13":"purchasable","14":"product-type-wooco"},"_links":{"self":[{"href":"http:\/\/novo.nteditora.com.br\/loja\/wp-json\/wp\/v2\/product\/561","targetHints":{"allow":["GET"]}}],"collection":[{"href":"http:\/\/novo.nteditora.com.br\/loja\/wp-json\/wp\/v2\/product"}],"about":[{"href":"http:\/\/novo.nteditora.com.br\/loja\/wp-json\/wp\/v2\/types\/product"}],"wp:featuredmedia":[{"embeddable":true,"href":"http:\/\/novo.nteditora.com.br\/loja\/wp-json\/wp\/v2\/media\/682"}],"wp:attachment":[{"href":"http:\/\/novo.nteditora.com.br\/loja\/wp-json\/wp\/v2\/media?parent=561"}],"wp:term":[{"taxonomy":"product_brand","embeddable":true,"href":"http:\/\/novo.nteditora.com.br\/loja\/wp-json\/wp\/v2\/product_brand?post=561"},{"taxonomy":"product_cat","embeddable":true,"href":"http:\/\/novo.nteditora.com.br\/loja\/wp-json\/wp\/v2\/product_cat?post=561"},{"taxonomy":"product_tag","embeddable":true,"href":"http:\/\/novo.nteditora.com.br\/loja\/wp-json\/wp\/v2\/product_tag?post=561"}],"curies":[{"name":"wp","href":"https:\/\/api.w.org\/{rel}","templated":true}]}}