{"id":565,"date":"2024-05-31T00:08:59","date_gmt":"2024-05-31T03:08:59","guid":{"rendered":"https:\/\/novo.nteditora.com.br\/loja\/?post_type=product&#038;p=565"},"modified":"2024-08-20T13:59:54","modified_gmt":"2024-08-20T16:59:54","slug":"combo-livro-curso-atendimento-ao-publico","status":"publish","type":"product","link":"http:\/\/novo.nteditora.com.br\/loja\/produto\/combo-livro-curso-atendimento-ao-publico\/","title":{"rendered":"Combo Livro + Curso | Atendimento Ao P\u00fablico"},"content":{"rendered":"","protected":false},"excerpt":{"rendered":"<p>Neste combo, voc\u00ea ter\u00e1 acesso ao <strong>Livro e o Curso Online de Atendimento Ao P\u00fablico.<\/strong><\/p>\n<div id=\"nav-desc\" class=\"tab-pane fade show active\" role=\"tabpanel\" aria-labelledby=\"nav-desc-tab\">S\u00e3o crescentes as demandas e iniciativas dos governos Municipais, Estaduais e Federais visando a ampliar a capacita\u00e7\u00e3o de seus funcion\u00e1rios e a melhorar o atendimento e a qualidade dos servi\u00e7os p\u00fablicos para alcan\u00e7ar o \u201cPrinc\u00edpio da Efici\u00eancia\u201d. Este conte\u00fado objetiva levar o aluno a refletir sobre as atitudes e os comportamentos pessoais e compreender mecanismos, t\u00e9cnicas e recursos necess\u00e1rios \u00e0 melhoria da qualidade do atendimento no setor p\u00fablico.<\/div>\n<p><strong>Informa\u00e7\u00f5es do Curso:<\/strong><\/p>\n<ul>\n<li><strong>Tempo para Conclus\u00e3o:<\/strong> 2 meses<\/li>\n<li><strong>Carga hor\u00e1ria:<\/strong> 40 h<\/li>\n<\/ul>\n<div class=\"botao-livro-curso\"><button class=\"botao-demo\"><a class=\"link-demo\" href=\"https:\/\/novo.nteditora.com.br\/demos\/tecnico\/ATP_livro_demo.pdf\" target=\"_blank\" rel=\"noopener\">Leia o primeiro cap\u00edtulo GR\u00c1TIS<\/a><\/button><br \/>\n<button class=\"botao-demo\"><a class=\"link-demo\" href=\"https:\/\/avant.grupont.com.br\/dirVirtualLMS\/portais\/demos-html5\/atp\/index.html\" target=\"_blank\" rel=\"noopener\">Fa\u00e7a um degusta\u00e7\u00e3o GR\u00c1TIS<\/a><\/button><\/div>\n","protected":false},"featured_media":688,"template":"","meta":[],"product_brand":[],"product_cat":[29],"product_tag":[],"class_list":{"0":"post-565","1":"product","2":"type-product","3":"status-publish","4":"has-post-thumbnail","6":"product_cat-combos","8":"first","9":"instock","10":"sold-individually","11":"taxable","12":"shipping-taxable","13":"purchasable","14":"product-type-wooco"},"_links":{"self":[{"href":"http:\/\/novo.nteditora.com.br\/loja\/wp-json\/wp\/v2\/product\/565","targetHints":{"allow":["GET"]}}],"collection":[{"href":"http:\/\/novo.nteditora.com.br\/loja\/wp-json\/wp\/v2\/product"}],"about":[{"href":"http:\/\/novo.nteditora.com.br\/loja\/wp-json\/wp\/v2\/types\/product"}],"wp:featuredmedia":[{"embeddable":true,"href":"http:\/\/novo.nteditora.com.br\/loja\/wp-json\/wp\/v2\/media\/688"}],"wp:attachment":[{"href":"http:\/\/novo.nteditora.com.br\/loja\/wp-json\/wp\/v2\/media?parent=565"}],"wp:term":[{"taxonomy":"product_brand","embeddable":true,"href":"http:\/\/novo.nteditora.com.br\/loja\/wp-json\/wp\/v2\/product_brand?post=565"},{"taxonomy":"product_cat","embeddable":true,"href":"http:\/\/novo.nteditora.com.br\/loja\/wp-json\/wp\/v2\/product_cat?post=565"},{"taxonomy":"product_tag","embeddable":true,"href":"http:\/\/novo.nteditora.com.br\/loja\/wp-json\/wp\/v2\/product_tag?post=565"}],"curies":[{"name":"wp","href":"https:\/\/api.w.org\/{rel}","templated":true}]}}