{"id":572,"date":"2024-05-31T00:02:08","date_gmt":"2024-05-31T03:02:08","guid":{"rendered":"https:\/\/novo.nteditora.com.br\/loja\/?post_type=product&#038;p=572"},"modified":"2024-08-20T13:51:28","modified_gmt":"2024-08-20T16:51:28","slug":"combo-livro-curso-administracao-de-recursos-humanos","status":"publish","type":"product","link":"http:\/\/novo.nteditora.com.br\/loja\/produto\/combo-livro-curso-administracao-de-recursos-humanos\/","title":{"rendered":"Combo Livro + Curso | Administra\u00e7\u00e3o de Recursos Humanos"},"content":{"rendered":"","protected":false},"excerpt":{"rendered":"<p>Neste combo, voc\u00ea ter\u00e1 acesso ao <strong>Livro e o Curso Online de Administra\u00e7\u00e3o de Recursos Humanos.<\/strong><\/p>\n<div id=\"nav-desc\" class=\"tab-pane fade show active\" role=\"tabpanel\" aria-labelledby=\"nav-desc-tab\">Tem como objetivo mostrar que, em qualquer empresa, torna-se fundamental ter uma administra\u00e7\u00e3o voltada \u00e0 gest\u00e3o de recursos humanos, visto que a continuidade de sua exist\u00eancia ser\u00e1 determinada pela qualidade de seus produtos ou servi\u00e7os, e, para que isso aconte\u00e7a, \u00e9 preciso que a empresa tenha como base pessoas motivadas e com alto n\u00edvel de qualidade pessoal e profissional. O conte\u00fado levar\u00e1 o aluno a entender os objetivos do sistema de recursos humanos, seu funcionamento e como aplicar suas atividades e a gest\u00e3o de recursos humanos na implementa\u00e7\u00e3o de uma gest\u00e3o moderna, saud\u00e1vel e eficaz. Ele apresentar\u00e1, ainda, de forma pr\u00e1tica e exemplificada, todos os processos, c\u00e1lculos trabalhistas, encargos sociais e benef\u00edcios aplic\u00e1veis. S\u00e3o abordadas as modernas t\u00e9cnicas de treinamento e desenvolvimento, administra\u00e7\u00e3o de cargos e sal\u00e1rios, bem como de auditoria de recursos humanos.<\/div>\n<p><strong>Informa\u00e7\u00f5es do Curso:<\/strong><\/p>\n<ul>\n<li><strong>Tempo para Conclus\u00e3o:<\/strong> 2 meses<\/li>\n<li><strong>Carga hor\u00e1ria:<\/strong> 40 h<\/li>\n<\/ul>\n<div class=\"botao-livro-curso\"><button class=\"botao-demo\"><a class=\"link-demo\" href=\"https:\/\/novo.nteditora.com.br\/demos\/tecnico\/ARH_livro_demo.pdf\" target=\"_blank\" rel=\"noopener\">Leia o primeiro cap\u00edtulo GR\u00c1TIS<\/a><\/button><br \/>\n<button class=\"botao-demo\"><a class=\"link-demo\" href=\"https:\/\/avant.grupont.com.br\/dirVirtualLMS\/portais\/demos-html5\/arh\/index.html\" target=\"_blank\" rel=\"noopener\">Fa\u00e7a um degusta\u00e7\u00e3o GR\u00c1TIS<\/a><\/button><\/div>\n","protected":false},"featured_media":697,"template":"","meta":[],"product_brand":[],"product_cat":[29],"product_tag":[],"class_list":{"0":"post-572","1":"product","2":"type-product","3":"status-publish","4":"has-post-thumbnail","6":"product_cat-combos","8":"first","9":"instock","10":"sold-individually","11":"taxable","12":"shipping-taxable","13":"purchasable","14":"product-type-wooco"},"_links":{"self":[{"href":"http:\/\/novo.nteditora.com.br\/loja\/wp-json\/wp\/v2\/product\/572","targetHints":{"allow":["GET"]}}],"collection":[{"href":"http:\/\/novo.nteditora.com.br\/loja\/wp-json\/wp\/v2\/product"}],"about":[{"href":"http:\/\/novo.nteditora.com.br\/loja\/wp-json\/wp\/v2\/types\/product"}],"wp:featuredmedia":[{"embeddable":true,"href":"http:\/\/novo.nteditora.com.br\/loja\/wp-json\/wp\/v2\/media\/697"}],"wp:attachment":[{"href":"http:\/\/novo.nteditora.com.br\/loja\/wp-json\/wp\/v2\/media?parent=572"}],"wp:term":[{"taxonomy":"product_brand","embeddable":true,"href":"http:\/\/novo.nteditora.com.br\/loja\/wp-json\/wp\/v2\/product_brand?post=572"},{"taxonomy":"product_cat","embeddable":true,"href":"http:\/\/novo.nteditora.com.br\/loja\/wp-json\/wp\/v2\/product_cat?post=572"},{"taxonomy":"product_tag","embeddable":true,"href":"http:\/\/novo.nteditora.com.br\/loja\/wp-json\/wp\/v2\/product_tag?post=572"}],"curies":[{"name":"wp","href":"https:\/\/api.w.org\/{rel}","templated":true}]}}