{"id":574,"date":"2024-06-04T00:00:14","date_gmt":"2024-06-04T03:00:14","guid":{"rendered":"https:\/\/novo.nteditora.com.br\/loja\/?post_type=product&#038;p=574"},"modified":"2024-08-20T13:54:39","modified_gmt":"2024-08-20T16:54:39","slug":"combo-livro-curso-analise-de-riscos-1","status":"publish","type":"product","link":"http:\/\/novo.nteditora.com.br\/loja\/produto\/combo-livro-curso-analise-de-riscos-1\/","title":{"rendered":"Combo Livro + Curso | An\u00e1lise de Riscos I"},"content":{"rendered":"","protected":false},"excerpt":{"rendered":"<p>Neste combo, voc\u00ea ter\u00e1 acesso ao <strong>Livro e o Curso Online de An\u00e1lise de Riscos I.<\/strong><\/p>\n<div id=\"nav-desc\" class=\"tab-pane fade show active\" role=\"tabpanel\" aria-labelledby=\"nav-desc-tab\">Aborda, de forma pr\u00e1tica e contextualizada, as normas t\u00e9cnicas existentes (NRs, EPI e EPC) e apresenta os principais conceitos de metrologia e atividades envolvidas na inspe\u00e7\u00e3o t\u00e9cnica de equipamentos e \u00e1reas de risco. Em sequ\u00eancia a ele, temos um segundo volume, que apresenta: os laudos e as per\u00edcias; legisla\u00e7\u00e3o b\u00e1sica; as atividades e as opera\u00e7\u00f5es insalubres e perigosas; a an\u00e1lise e de avalia\u00e7\u00e3o ambiental; a jurisprud\u00eancia; as doen\u00e7as relacionadas ao trabalho; e a avalia\u00e7\u00e3o de risco. Este conte\u00fado busca capacitar o leitor para avaliar, identificar, planejar e implantar procedimentos que minimizem danos \u00e0s pessoas e\/ou ao meio ambiente em atividades e\/ou instala\u00e7\u00f5es capazes de causar danos em decorr\u00eancia de libera\u00e7\u00f5es acidentais de subst\u00e2ncias perigosas e\/ou energia de forma descontrolada, dentro de um contexto de an\u00e1lise de riscos industriais.<\/div>\n<p><strong>Informa\u00e7\u00f5es do Curso:<\/strong><\/p>\n<ul>\n<li><strong>Tempo para Conclus\u00e3o:<\/strong> 2 meses<\/li>\n<li><strong>Carga hor\u00e1ria:<\/strong> 40 h<\/li>\n<\/ul>\n<div class=\"botao-livro-curso\"><button class=\"botao-demo\"><a class=\"link-demo\" href=\"https:\/\/novo.nteditora.com.br\/demos\/tecnico\/AR1_livro_demo.pdf\" target=\"_blank\" rel=\"noopener\">Leia o primeiro cap\u00edtulo GR\u00c1TIS<\/a><\/button><br \/>\n<button class=\"botao-demo\"><a class=\"link-demo\" href=\"https:\/\/avant.grupont.com.br\/dirVirtualLMS\/portais\/demos-html5\/ar1\/index.html\" target=\"_blank\" rel=\"noopener\">Fa\u00e7a um degusta\u00e7\u00e3o GR\u00c1TIS<\/a><\/button><\/div>\n","protected":false},"featured_media":699,"template":"","meta":[],"product_brand":[],"product_cat":[29],"product_tag":[],"class_list":{"0":"post-574","1":"product","2":"type-product","3":"status-publish","4":"has-post-thumbnail","6":"product_cat-combos","8":"first","9":"instock","10":"sold-individually","11":"taxable","12":"shipping-taxable","13":"purchasable","14":"product-type-wooco"},"_links":{"self":[{"href":"http:\/\/novo.nteditora.com.br\/loja\/wp-json\/wp\/v2\/product\/574","targetHints":{"allow":["GET"]}}],"collection":[{"href":"http:\/\/novo.nteditora.com.br\/loja\/wp-json\/wp\/v2\/product"}],"about":[{"href":"http:\/\/novo.nteditora.com.br\/loja\/wp-json\/wp\/v2\/types\/product"}],"wp:featuredmedia":[{"embeddable":true,"href":"http:\/\/novo.nteditora.com.br\/loja\/wp-json\/wp\/v2\/media\/699"}],"wp:attachment":[{"href":"http:\/\/novo.nteditora.com.br\/loja\/wp-json\/wp\/v2\/media?parent=574"}],"wp:term":[{"taxonomy":"product_brand","embeddable":true,"href":"http:\/\/novo.nteditora.com.br\/loja\/wp-json\/wp\/v2\/product_brand?post=574"},{"taxonomy":"product_cat","embeddable":true,"href":"http:\/\/novo.nteditora.com.br\/loja\/wp-json\/wp\/v2\/product_cat?post=574"},{"taxonomy":"product_tag","embeddable":true,"href":"http:\/\/novo.nteditora.com.br\/loja\/wp-json\/wp\/v2\/product_tag?post=574"}],"curies":[{"name":"wp","href":"https:\/\/api.w.org\/{rel}","templated":true}]}}