{"id":590,"date":"2024-05-31T00:31:43","date_gmt":"2024-05-31T03:31:43","guid":{"rendered":"https:\/\/novo.nteditora.com.br\/loja\/?post_type=product&#038;p=590"},"modified":"2024-08-20T14:56:57","modified_gmt":"2024-08-20T17:56:57","slug":"combo-livro-curso-fundamentos-de-administracao","status":"publish","type":"product","link":"http:\/\/novo.nteditora.com.br\/loja\/produto\/combo-livro-curso-fundamentos-de-administracao\/","title":{"rendered":"Combo Livro + Curso | Fundamentos de Administra\u00e7\u00e3o"},"content":{"rendered":"","protected":false},"excerpt":{"rendered":"<p>Neste combo, voc\u00ea ter\u00e1 acesso ao <strong>Livro e o Curso Online de Fundamentos de Administra\u00e7\u00e3o.<\/strong><\/p>\n<div id=\"nav-desc\" class=\"tab-pane fade show active\" role=\"tabpanel\" aria-labelledby=\"nav-desc-tab\">Por meio de um texto dial\u00f3gico, de f\u00e1cil leitura por sua concep\u00e7\u00e3o e organiza\u00e7\u00e3o did\u00e1ticas, busca facilitar o aprendizado, contando ainda com muitos exemplos pr\u00e1ticos e contextualizados que facilitam a fixa\u00e7\u00e3o dos conceitos. O livro busca capacitar o leitor a atuar na \u00e1rea administrativa de diferentes tipos de corpora\u00e7\u00f5es com qualidade e efici\u00eancia. S\u00e3o apresentados os principais tipos de administra\u00e7\u00e3o em uma organiza\u00e7\u00e3o, como a administra\u00e7\u00e3o de marketing e vendas, administra\u00e7\u00e3o de produ\u00e7\u00e3o, administra\u00e7\u00e3o de material, administra\u00e7\u00e3o financeira, administra\u00e7\u00e3o de recursos humanos &#8211; e ainda o uso da informa\u00e7\u00e3o e comunica\u00e7\u00e3o na administra\u00e7\u00e3o e a import\u00e2ncia da elabora\u00e7\u00e3o de um plano de neg\u00f3cios. O livro Fundamentos de administra\u00e7\u00e3o \u00e9 uma obra indispens\u00e1vel, tanto para alunos de administra\u00e7\u00e3o iniciantes como para profissionais que buscam aprimorar suas habilidades administrativas.<\/div>\n<p><strong>Informa\u00e7\u00f5es do Curso:<\/strong><\/p>\n<ul>\n<li><strong>Tempo para Conclus\u00e3o:<\/strong> 2 meses<\/li>\n<li><strong>Carga hor\u00e1ria:<\/strong> 40 h<\/li>\n<\/ul>\n<div class=\"botao-livro-curso\"><button class=\"botao-demo\"><a class=\"link-demo\" href=\"https:\/\/novo.nteditora.com.br\/demos\/tecnico\/ADM_livro_demo.pdf\" target=\"_blank\" rel=\"noopener\">Leia o primeiro cap\u00edtulo GR\u00c1TIS<\/a><\/button><br \/>\n<button class=\"botao-demo\"><a class=\"link-demo\" href=\"https:\/\/avant.grupont.com.br\/dirVirtualLMS\/portais\/demos-html5\/adm\/index.html\" target=\"_blank\" rel=\"noopener\">Fa\u00e7a um degusta\u00e7\u00e3o GR\u00c1TIS<\/a><\/button><\/div>\n","protected":false},"featured_media":720,"template":"","meta":[],"product_brand":[],"product_cat":[29],"product_tag":[],"class_list":{"0":"post-590","1":"product","2":"type-product","3":"status-publish","4":"has-post-thumbnail","6":"product_cat-combos","8":"first","9":"instock","10":"sold-individually","11":"taxable","12":"shipping-taxable","13":"purchasable","14":"product-type-wooco"},"_links":{"self":[{"href":"http:\/\/novo.nteditora.com.br\/loja\/wp-json\/wp\/v2\/product\/590","targetHints":{"allow":["GET"]}}],"collection":[{"href":"http:\/\/novo.nteditora.com.br\/loja\/wp-json\/wp\/v2\/product"}],"about":[{"href":"http:\/\/novo.nteditora.com.br\/loja\/wp-json\/wp\/v2\/types\/product"}],"wp:featuredmedia":[{"embeddable":true,"href":"http:\/\/novo.nteditora.com.br\/loja\/wp-json\/wp\/v2\/media\/720"}],"wp:attachment":[{"href":"http:\/\/novo.nteditora.com.br\/loja\/wp-json\/wp\/v2\/media?parent=590"}],"wp:term":[{"taxonomy":"product_brand","embeddable":true,"href":"http:\/\/novo.nteditora.com.br\/loja\/wp-json\/wp\/v2\/product_brand?post=590"},{"taxonomy":"product_cat","embeddable":true,"href":"http:\/\/novo.nteditora.com.br\/loja\/wp-json\/wp\/v2\/product_cat?post=590"},{"taxonomy":"product_tag","embeddable":true,"href":"http:\/\/novo.nteditora.com.br\/loja\/wp-json\/wp\/v2\/product_tag?post=590"}],"curies":[{"name":"wp","href":"https:\/\/api.w.org\/{rel}","templated":true}]}}