{"id":667,"date":"2024-05-29T00:31:39","date_gmt":"2024-05-29T03:31:39","guid":{"rendered":"https:\/\/novo.nteditora.com.br\/loja\/?post_type=product&#038;p=667"},"modified":"2024-08-20T16:51:57","modified_gmt":"2024-08-20T19:51:57","slug":"combo-livro-curso-sistemas-de-suspensao-e-direcao-automotiva","status":"publish","type":"product","link":"http:\/\/novo.nteditora.com.br\/loja\/produto\/combo-livro-curso-sistemas-de-suspensao-e-direcao-automotiva\/","title":{"rendered":"Combo Livro + Curso | Sistemas de Suspens\u00e3o e Dire\u00e7\u00e3o Automotiva"},"content":{"rendered":"","protected":false},"excerpt":{"rendered":"<p>Neste combo, voc\u00ea ter\u00e1 acesso ao <strong>Livro e o Curso Online de Sistemas de Suspens\u00e3o e Dire\u00e7\u00e3o Automotiva.<\/strong><\/p>\n<div id=\"nav-desc\" class=\"tab-pane fade show active\" role=\"tabpanel\" aria-labelledby=\"nav-desc-tab\">De modo geral, os ve\u00edculos s\u00e3o constitu\u00eddos pelos mesmos elementos, haja vista que quase todos os modelos s\u00e3o compostos de chassi, cobertura, motor, transmiss\u00e3o, suspens\u00e3o e dire\u00e7\u00e3o. Quando se fala de sistemas de suspens\u00e3o e dire\u00e7\u00e3o automotiva, muitos trazem \u00e0 cabe\u00e7a apenas os amortecedores e as molas. Isso tudo faz parte, mas h\u00e1 muito mais do que isso envolvendo tais sistemas. Existem outros componentes a eles pertencentes cuja influ\u00eancia ocorre sobre o comportamento do ve\u00edculo em diversos aspectos.Com efeito, \u00e9 poss\u00edvel dizer que a dire\u00e7\u00e3o fornece ao condutor o deslocamento que ele deseja, enquanto a suspens\u00e3o visa a n\u00e3o transmitir aos ocupantes do ve\u00edculo as oscila\u00e7\u00f5es da estrada que est\u00e1 percorrendo.<\/div>\n<p><strong>Informa\u00e7\u00f5es do Curso:<\/strong><\/p>\n<ul>\n<li><strong>Tempo para Conclus\u00e3o:<\/strong> 2 meses<\/li>\n<li><strong>Carga hor\u00e1ria:<\/strong> 40 h<\/li>\n<\/ul>\n<div class=\"botao-livro-curso\"><button class=\"botao-demo\"><a class=\"link-demo\" href=\"https:\/\/novo.nteditora.com.br\/demos\/tecnico\/SSD_livro_demo.pdf\" target=\"_blank\" rel=\"noopener\">Leia o primeiro cap\u00edtulo GR\u00c1TIS<\/a><\/button><br \/>\n<button class=\"botao-demo\"><a class=\"link-demo\" href=\"https:\/\/avant.grupont.com.br\/dirVirtualLMS\/portais\/demos-html5\/ssd\/index.html\" target=\"_blank\" rel=\"noopener\">Fa\u00e7a um degusta\u00e7\u00e3o GR\u00c1TIS<\/a><\/button><\/div>\n","protected":false},"featured_media":801,"template":"","meta":[],"product_brand":[],"product_cat":[29],"product_tag":[],"class_list":{"0":"post-667","1":"product","2":"type-product","3":"status-publish","4":"has-post-thumbnail","6":"product_cat-combos","8":"first","9":"instock","10":"sold-individually","11":"taxable","12":"shipping-taxable","13":"purchasable","14":"product-type-wooco"},"_links":{"self":[{"href":"http:\/\/novo.nteditora.com.br\/loja\/wp-json\/wp\/v2\/product\/667","targetHints":{"allow":["GET"]}}],"collection":[{"href":"http:\/\/novo.nteditora.com.br\/loja\/wp-json\/wp\/v2\/product"}],"about":[{"href":"http:\/\/novo.nteditora.com.br\/loja\/wp-json\/wp\/v2\/types\/product"}],"wp:featuredmedia":[{"embeddable":true,"href":"http:\/\/novo.nteditora.com.br\/loja\/wp-json\/wp\/v2\/media\/801"}],"wp:attachment":[{"href":"http:\/\/novo.nteditora.com.br\/loja\/wp-json\/wp\/v2\/media?parent=667"}],"wp:term":[{"taxonomy":"product_brand","embeddable":true,"href":"http:\/\/novo.nteditora.com.br\/loja\/wp-json\/wp\/v2\/product_brand?post=667"},{"taxonomy":"product_cat","embeddable":true,"href":"http:\/\/novo.nteditora.com.br\/loja\/wp-json\/wp\/v2\/product_cat?post=667"},{"taxonomy":"product_tag","embeddable":true,"href":"http:\/\/novo.nteditora.com.br\/loja\/wp-json\/wp\/v2\/product_tag?post=667"}],"curies":[{"name":"wp","href":"https:\/\/api.w.org\/{rel}","templated":true}]}}