{"id":670,"date":"2024-05-28T00:00:57","date_gmt":"2024-05-28T03:00:57","guid":{"rendered":"https:\/\/novo.nteditora.com.br\/loja\/?post_type=product&#038;p=670"},"modified":"2024-08-20T13:45:49","modified_gmt":"2024-08-20T16:45:49","slug":"combo-livro-curso-a-sociedade-em-que-vivemos","status":"publish","type":"product","link":"http:\/\/novo.nteditora.com.br\/loja\/produto\/combo-livro-curso-a-sociedade-em-que-vivemos\/","title":{"rendered":"Combo Livro + Curso | A Sociedade em Que Vivemos"},"content":{"rendered":"","protected":false},"excerpt":{"rendered":"<p>Neste combo, voc\u00ea ter\u00e1 acesso ao <strong>Livro e o Curso Online de A Sociedade em Que Vivemos.<\/strong><\/p>\n<div id=\"nav-desc\" class=\"tab-pane fade show active\" role=\"tabpanel\" aria-labelledby=\"nav-desc-tab\">Em uma mesma sociedade, coexistem diversos grupos \u00e9tnicos, pol\u00edticos, religiosos, sociais ou econ\u00f4micos. Todo e qualquer trabalho com enfoque social deve ser fruto da reflex\u00e3o sobre a forma que essa sociedade funciona. Este livro trata de temas fundamentais \u00e0 compreens\u00e3o dos fatores antropol\u00f3gicos e culturais determinantes nessa estrutura social. Ao final da leitura, voc\u00ea dever\u00e1 ser capaz de estabelecer par\u00e2metros de observa\u00e7\u00e3o em que seja poss\u00edvel vislumbrar a\u00e7\u00f5es, tradi\u00e7\u00f5es, religiosidades, rituais, valores e concep\u00e7\u00f5es atuantes e importantes para os indiv\u00edduos que nela est\u00e3o inseridos. O material apresenta os aspectos hist\u00f3ricos e culturais envolvidos na forma\u00e7\u00e3o do povo brasileiro, bem como a organiza\u00e7\u00e3o da sociedade civil contempor\u00e2nea e da cultura popular e as principais pr\u00e1ticas populares no cuidado \u00e0 sa\u00fade. Discute, ainda, as formas de participa\u00e7\u00e3o e de mobiliza\u00e7\u00e3o social e os Direitos Humanos.<\/div>\n<p><strong>Informa\u00e7\u00f5es do Curso:<\/strong><\/p>\n<ul>\n<li><strong>Tempo para Conclus\u00e3o:<\/strong> 1 meses<\/li>\n<li><strong>Carga hor\u00e1ria:<\/strong> 20 h<\/li>\n<\/ul>\n<div class=\"botao-livro-curso\"><button class=\"botao-demo\"><a class=\"link-demo\" href=\"https:\/\/novo.nteditora.com.br\/demos\/tecnico\/SOV_livro_demo.pdf\" target=\"_blank\" rel=\"noopener\">Leia o primeiro cap\u00edtulo GR\u00c1TIS<\/a><\/button><br \/>\n<button class=\"botao-demo\"><a class=\"link-demo\" href=\"https:\/\/avant.grupont.com.br\/dirVirtualLMS\/portais\/demos-html5\/sov\/index.html\" target=\"_blank\" rel=\"noopener\">Fa\u00e7a um degusta\u00e7\u00e3o GR\u00c1TIS<\/a><\/button><\/div>\n","protected":false},"featured_media":2712,"template":"","meta":[],"product_brand":[],"product_cat":[29],"product_tag":[],"class_list":{"0":"post-670","1":"product","2":"type-product","3":"status-publish","4":"has-post-thumbnail","6":"product_cat-combos","8":"first","9":"instock","10":"sold-individually","11":"taxable","12":"shipping-taxable","13":"purchasable","14":"product-type-wooco"},"_links":{"self":[{"href":"http:\/\/novo.nteditora.com.br\/loja\/wp-json\/wp\/v2\/product\/670","targetHints":{"allow":["GET"]}}],"collection":[{"href":"http:\/\/novo.nteditora.com.br\/loja\/wp-json\/wp\/v2\/product"}],"about":[{"href":"http:\/\/novo.nteditora.com.br\/loja\/wp-json\/wp\/v2\/types\/product"}],"wp:featuredmedia":[{"embeddable":true,"href":"http:\/\/novo.nteditora.com.br\/loja\/wp-json\/wp\/v2\/media\/2712"}],"wp:attachment":[{"href":"http:\/\/novo.nteditora.com.br\/loja\/wp-json\/wp\/v2\/media?parent=670"}],"wp:term":[{"taxonomy":"product_brand","embeddable":true,"href":"http:\/\/novo.nteditora.com.br\/loja\/wp-json\/wp\/v2\/product_brand?post=670"},{"taxonomy":"product_cat","embeddable":true,"href":"http:\/\/novo.nteditora.com.br\/loja\/wp-json\/wp\/v2\/product_cat?post=670"},{"taxonomy":"product_tag","embeddable":true,"href":"http:\/\/novo.nteditora.com.br\/loja\/wp-json\/wp\/v2\/product_tag?post=670"}],"curies":[{"name":"wp","href":"https:\/\/api.w.org\/{rel}","templated":true}]}}