{"id":81,"date":"2024-05-10T00:00:08","date_gmt":"2024-05-10T03:00:08","guid":{"rendered":"https:\/\/novo.nteditora.com.br\/loja\/?post_type=product&#038;p=81"},"modified":"2024-08-20T09:34:04","modified_gmt":"2024-08-20T12:34:04","slug":"direitos-humanos-etica-e-cidadania","status":"publish","type":"product","link":"http:\/\/novo.nteditora.com.br\/loja\/produto\/direitos-humanos-etica-e-cidadania\/","title":{"rendered":"Direitos Humanos, \u00c9tica e Cidadania"},"content":{"rendered":"","protected":false},"excerpt":{"rendered":"<p><strong>Marina Figueiredo Moreira<\/strong><\/p>\n<p>Este material apresenta a din\u00e2mica das rela\u00e7\u00f5es humanas, partindo de valores como educa\u00e7\u00e3o, \u00e9tica e cidadania. Nele, aprende-se que o relacionamento com o outro exige, entre outras coisas, respeitar os espa\u00e7os individuais e agir de modo a n\u00e3o ferir as normas de boa conduta, ou seja, saber distinguir a atitude certa da errada. Apresentam-se informa\u00e7\u00f5es sobre a prepara\u00e7\u00e3o para o trabalho, direitos e deveres do trabalhador e pol\u00edticas e projetos voltados para a inser\u00e7\u00e3o de jovens no mercado de trabalho.<\/p>\n<div class=\"botao-livro-curso\"><button class=\"botao-demo\"><a class=\"link-demo\" href=\"https:\/\/novo.nteditora.com.br\/demos\/tecnico\/VLH_livro_demo.pdf\" target=\"_blank\" rel=\"noopener\">Leia o primeiro cap\u00edtulo GR\u00c1TIS<\/a><\/button><\/div>\n","protected":false},"featured_media":1232,"template":"","meta":[],"product_brand":[],"product_cat":[23,16],"product_tag":[],"class_list":{"0":"post-81","1":"product","2":"type-product","3":"status-publish","4":"has-post-thumbnail","6":"product_cat-desenvolvimento-educacional","7":"product_cat-formacao-tecnico-e-profissional","9":"first","10":"onbackorder","11":"taxable","12":"shipping-taxable","13":"purchasable","14":"product-type-simple"},"_links":{"self":[{"href":"http:\/\/novo.nteditora.com.br\/loja\/wp-json\/wp\/v2\/product\/81","targetHints":{"allow":["GET"]}}],"collection":[{"href":"http:\/\/novo.nteditora.com.br\/loja\/wp-json\/wp\/v2\/product"}],"about":[{"href":"http:\/\/novo.nteditora.com.br\/loja\/wp-json\/wp\/v2\/types\/product"}],"wp:featuredmedia":[{"embeddable":true,"href":"http:\/\/novo.nteditora.com.br\/loja\/wp-json\/wp\/v2\/media\/1232"}],"wp:attachment":[{"href":"http:\/\/novo.nteditora.com.br\/loja\/wp-json\/wp\/v2\/media?parent=81"}],"wp:term":[{"taxonomy":"product_brand","embeddable":true,"href":"http:\/\/novo.nteditora.com.br\/loja\/wp-json\/wp\/v2\/product_brand?post=81"},{"taxonomy":"product_cat","embeddable":true,"href":"http:\/\/novo.nteditora.com.br\/loja\/wp-json\/wp\/v2\/product_cat?post=81"},{"taxonomy":"product_tag","embeddable":true,"href":"http:\/\/novo.nteditora.com.br\/loja\/wp-json\/wp\/v2\/product_tag?post=81"}],"curies":[{"name":"wp","href":"https:\/\/api.w.org\/{rel}","templated":true}]}}