{"id":876,"date":"2024-06-01T00:44:18","date_gmt":"2024-06-01T03:44:18","guid":{"rendered":"https:\/\/novo.nteditora.com.br\/loja\/?post_type=product&#038;p=876"},"modified":"2024-08-20T16:40:16","modified_gmt":"2024-08-20T19:40:16","slug":"combo-livro-curso-seguranca-de-dados-e-redes","status":"publish","type":"product","link":"http:\/\/novo.nteditora.com.br\/loja\/produto\/combo-livro-curso-seguranca-de-dados-e-redes\/","title":{"rendered":"Combo Livro + Curso | Seguran\u00e7a de Dados e Redes"},"content":{"rendered":"","protected":false},"excerpt":{"rendered":"<p>Neste combo, voc\u00ea ter\u00e1 acesso ao <strong>Livro e o Curso Online de Seguran\u00e7a de Dados e Redes.<\/strong><\/p>\n<div id=\"nav-desc\" class=\"tab-pane fade show active\" role=\"tabpanel\" aria-labelledby=\"nav-desc-tab\">A seguran\u00e7a da informa\u00e7\u00e3o \u00e9 um elemento de extrema import\u00e2ncia para o acompanhamento do crescimento de transa\u00e7\u00f5es online \u2013 Intranet, Internet ou Extranet \u2013, e do uso de redes de computadores, pois, atualmente, \u00e9 quase imposs\u00edvel para as corpora\u00e7\u00f5es manterem uma comunica\u00e7\u00e3o eficiente entre filiais, clientes e prestadores de servi\u00e7os, de forma segura e eficiente sem o aux\u00edlio de tecnologias de seguran\u00e7a. Neste livro o aluno aprender\u00e1 a reconhecer a import\u00e2ncia da seguran\u00e7a da informa\u00e7\u00e3o como um elemento de vital import\u00e2ncia em seu dia a dia, em especial no ambiente corporativo. O leitor ter\u00e1 acesso \u00e0 dicas, t\u00e9cnicas e exemplos pr\u00e1ticos que o ajudar\u00e3o a compreender a necessidade de uma pol\u00edtica de seguran\u00e7a e seus requisitos para implementa\u00e7\u00e3o no ambiente de trabalho.<\/div>\n<p><strong>Informa\u00e7\u00f5es do Curso:<\/strong><\/p>\n<ul>\n<li><strong>Tempo para Conclus\u00e3o:<\/strong> 2 meses<\/li>\n<li><strong>Carga hor\u00e1ria:<\/strong> 40 h<\/li>\n<\/ul>\n<div class=\"botao-livro-curso\"><button class=\"botao-demo\"><a class=\"link-demo\" href=\"https:\/\/novo.nteditora.com.br\/demos\/tecnico\/SGR_livro_demo.pdf\" target=\"_blank\" rel=\"noopener\">Leia o primeiro cap\u00edtulo GR\u00c1TIS<\/a><\/button><br \/>\n<button class=\"botao-demo\"><a class=\"link-demo\" href=\"https:\/\/avant.grupont.com.br\/dirVirtualLMS\/portais\/demos-html5\/sgr\/index.html\" target=\"_blank\" rel=\"noopener\">Fa\u00e7a um degusta\u00e7\u00e3o GR\u00c1TIS<\/a><\/button><\/div>\n","protected":false},"featured_media":815,"template":"","meta":[],"product_brand":[],"product_cat":[29],"product_tag":[],"class_list":{"0":"post-876","1":"product","2":"type-product","3":"status-publish","4":"has-post-thumbnail","6":"product_cat-combos","8":"first","9":"instock","10":"sold-individually","11":"taxable","12":"shipping-taxable","13":"purchasable","14":"product-type-wooco"},"_links":{"self":[{"href":"http:\/\/novo.nteditora.com.br\/loja\/wp-json\/wp\/v2\/product\/876","targetHints":{"allow":["GET"]}}],"collection":[{"href":"http:\/\/novo.nteditora.com.br\/loja\/wp-json\/wp\/v2\/product"}],"about":[{"href":"http:\/\/novo.nteditora.com.br\/loja\/wp-json\/wp\/v2\/types\/product"}],"wp:featuredmedia":[{"embeddable":true,"href":"http:\/\/novo.nteditora.com.br\/loja\/wp-json\/wp\/v2\/media\/815"}],"wp:attachment":[{"href":"http:\/\/novo.nteditora.com.br\/loja\/wp-json\/wp\/v2\/media?parent=876"}],"wp:term":[{"taxonomy":"product_brand","embeddable":true,"href":"http:\/\/novo.nteditora.com.br\/loja\/wp-json\/wp\/v2\/product_brand?post=876"},{"taxonomy":"product_cat","embeddable":true,"href":"http:\/\/novo.nteditora.com.br\/loja\/wp-json\/wp\/v2\/product_cat?post=876"},{"taxonomy":"product_tag","embeddable":true,"href":"http:\/\/novo.nteditora.com.br\/loja\/wp-json\/wp\/v2\/product_tag?post=876"}],"curies":[{"name":"wp","href":"https:\/\/api.w.org\/{rel}","templated":true}]}}