{"id":879,"date":"2024-05-29T00:30:59","date_gmt":"2024-05-29T03:30:59","guid":{"rendered":"https:\/\/novo.nteditora.com.br\/loja\/?post_type=product&#038;p=879"},"modified":"2024-08-20T16:49:50","modified_gmt":"2024-08-20T19:49:50","slug":"combo-livro-curso-sistemas-de-freios-e-rodas","status":"publish","type":"product","link":"http:\/\/novo.nteditora.com.br\/loja\/produto\/combo-livro-curso-sistemas-de-freios-e-rodas\/","title":{"rendered":"Combo Livro + Curso | Sistemas de Freios e Rodas"},"content":{"rendered":"","protected":false},"excerpt":{"rendered":"<p>Neste combo, voc\u00ea ter\u00e1 acesso ao <strong>Livro e o Curso Online de Sistemas de Freios e Rodas.<\/strong><\/p>\n<div id=\"nav-desc\" class=\"tab-pane fade show active\" role=\"tabpanel\" aria-labelledby=\"nav-desc-tab\">aborda um tema bastante importante dentro na manuten\u00e7\u00e3o mec\u00e2nica. Com efeito, o conhecimento sobre os sistemas de freios e rodas \u00e9 fundamental para profissionais da \u00e1rea de manuten\u00e7\u00e3o automotiva. Esses sistemas s\u00e3o considerados itens de extrema import\u00e2ncia para a seguran\u00e7a do ve\u00edculo. Eles possuem diversos componentes entre os quais disco, tambor, pastilhas, lonas de freio. O estudo dos sistemas de freios e rodas \u00e9 importante porque proporciona os conhecimentos t\u00e9cnicos e pr\u00e1ticos aos profissionais de manuten\u00e7\u00e3o automotiva. A partir da explora\u00e7\u00e3o dos principais temas neste escopo, tais como freios, rodas, diagn\u00f3stico, monitoramento eletr\u00f4nico, t\u00e9cnicas de an\u00e1lise de falhas e manuten\u00e7\u00e3o, o aluno se sentir\u00e1 capacitado para exercer com seguran\u00e7a suas atividade.<\/div>\n<p><strong>Informa\u00e7\u00f5es do Curso:<\/strong><\/p>\n<ul>\n<li><strong>Tempo para Conclus\u00e3o:<\/strong> 2 meses<\/li>\n<li><strong>Carga hor\u00e1ria:<\/strong> 60 h<\/li>\n<\/ul>\n<div class=\"botao-livro-curso\"><button class=\"botao-demo\"><a class=\"link-demo\" href=\"https:\/\/novo.nteditora.com.br\/demos\/tecnico\/SFR_livro_demo.pdf\" target=\"_blank\" rel=\"noopener\">Leia o primeiro cap\u00edtulo GR\u00c1TIS<\/a><\/button><br \/>\n<button class=\"botao-demo\"><a class=\"link-demo\" href=\"https:\/\/avant.grupont.com.br\/dirVirtualLMS\/portais\/demos-html5\/sfr\/index.html\" target=\"_blank\" rel=\"noopener\">Fa\u00e7a um degusta\u00e7\u00e3o GR\u00c1TIS<\/a><\/button><\/div>\n","protected":false},"featured_media":828,"template":"","meta":[],"product_brand":[],"product_cat":[29],"product_tag":[],"class_list":{"0":"post-879","1":"product","2":"type-product","3":"status-publish","4":"has-post-thumbnail","6":"product_cat-combos","8":"first","9":"instock","10":"sold-individually","11":"taxable","12":"shipping-taxable","13":"purchasable","14":"product-type-wooco"},"_links":{"self":[{"href":"http:\/\/novo.nteditora.com.br\/loja\/wp-json\/wp\/v2\/product\/879","targetHints":{"allow":["GET"]}}],"collection":[{"href":"http:\/\/novo.nteditora.com.br\/loja\/wp-json\/wp\/v2\/product"}],"about":[{"href":"http:\/\/novo.nteditora.com.br\/loja\/wp-json\/wp\/v2\/types\/product"}],"wp:featuredmedia":[{"embeddable":true,"href":"http:\/\/novo.nteditora.com.br\/loja\/wp-json\/wp\/v2\/media\/828"}],"wp:attachment":[{"href":"http:\/\/novo.nteditora.com.br\/loja\/wp-json\/wp\/v2\/media?parent=879"}],"wp:term":[{"taxonomy":"product_brand","embeddable":true,"href":"http:\/\/novo.nteditora.com.br\/loja\/wp-json\/wp\/v2\/product_brand?post=879"},{"taxonomy":"product_cat","embeddable":true,"href":"http:\/\/novo.nteditora.com.br\/loja\/wp-json\/wp\/v2\/product_cat?post=879"},{"taxonomy":"product_tag","embeddable":true,"href":"http:\/\/novo.nteditora.com.br\/loja\/wp-json\/wp\/v2\/product_tag?post=879"}],"curies":[{"name":"wp","href":"https:\/\/api.w.org\/{rel}","templated":true}]}}