{"id":892,"date":"2024-05-29T00:33:24","date_gmt":"2024-05-29T03:33:24","guid":{"rendered":"https:\/\/novo.nteditora.com.br\/loja\/?post_type=product&#038;p=892"},"modified":"2024-08-20T16:52:31","modified_gmt":"2024-08-20T19:52:31","slug":"combo-livro-curso-sistemas-eletricos-de-potencia","status":"publish","type":"product","link":"http:\/\/novo.nteditora.com.br\/loja\/produto\/combo-livro-curso-sistemas-eletricos-de-potencia\/","title":{"rendered":"Combo Livro + Curso | Sistemas El\u00e9tricos de Pot\u00eancia"},"content":{"rendered":"","protected":false},"excerpt":{"rendered":"<p>Neste combo, voc\u00ea ter\u00e1 acesso ao <strong>Livro e o Curso Online de Sistemas El\u00e9tricos de Pot\u00eancia.<\/strong><\/p>\n<div id=\"nav-desc\" class=\"tab-pane fade show active\" role=\"tabpanel\" aria-labelledby=\"nav-desc-tab\">A riqueza de um pa\u00eds ocorre de v\u00e1rias maneiras: \u00e0s vezes pelo seu potencial petrol\u00edfero, pela sua capacidade industrial, agropecu\u00e1ria ou at\u00e9 mesmo pelo potencial humano. O Brasil possui todos esses potenciais, mas existem dois n\u00edtidos: potencial hidr\u00e1ulico e energ\u00e9tico. Com efeito, as grandes bacias hidrogr\u00e1ficas s\u00e3o respons\u00e1veis por mais de 68% da energia el\u00e9trica produzida no Brasil (BEN, 2017), ou seja, de origem h\u00eddrica, seguida da energia de origem t\u00e9rmica, e\u00f3lica, nuclear e das demais fontes alternativas existentes. Nesse contexto, este livro, portanto, tem como objetivo tratar de diversas quest\u00f5es, desde a origem da energia el\u00e9trica at\u00e9 a sua entrega ao consumidor final, por\u00e9m prioriza a demanda futura de energia el\u00e9trica no Brasil e no mundo e as consequ\u00eancias de um produto dispon\u00edvel, vi\u00e1vel e de qualidade.<\/div>\n<p><strong>Informa\u00e7\u00f5es do Curso:<\/strong><\/p>\n<ul>\n<li><strong>Tempo para Conclus\u00e3o:<\/strong> 3 meses<\/li>\n<li><strong>Carga hor\u00e1ria:<\/strong> 80 h<\/li>\n<\/ul>\n<div class=\"botao-livro-curso\"><button class=\"botao-demo\"><a class=\"link-demo\" href=\"https:\/\/novo.nteditora.com.br\/demos\/tecnico\/SEP_livro_demo.pdf\" target=\"_blank\" rel=\"noopener\">Leia o primeiro cap\u00edtulo GR\u00c1TIS<\/a><\/button><br \/>\n<button class=\"botao-demo\"><a class=\"link-demo\" href=\"https:\/\/avant.grupont.com.br\/dirVirtualLMS\/portais\/demos-html5\/sep\/index.html\" target=\"_blank\" rel=\"noopener\">Fa\u00e7a um degusta\u00e7\u00e3o GR\u00c1TIS<\/a><\/button><\/div>\n","protected":false},"featured_media":829,"template":"","meta":[],"product_brand":[],"product_cat":[29],"product_tag":[],"class_list":{"0":"post-892","1":"product","2":"type-product","3":"status-publish","4":"has-post-thumbnail","6":"product_cat-combos","8":"first","9":"instock","10":"sold-individually","11":"taxable","12":"shipping-taxable","13":"purchasable","14":"product-type-wooco"},"_links":{"self":[{"href":"http:\/\/novo.nteditora.com.br\/loja\/wp-json\/wp\/v2\/product\/892","targetHints":{"allow":["GET"]}}],"collection":[{"href":"http:\/\/novo.nteditora.com.br\/loja\/wp-json\/wp\/v2\/product"}],"about":[{"href":"http:\/\/novo.nteditora.com.br\/loja\/wp-json\/wp\/v2\/types\/product"}],"wp:featuredmedia":[{"embeddable":true,"href":"http:\/\/novo.nteditora.com.br\/loja\/wp-json\/wp\/v2\/media\/829"}],"wp:attachment":[{"href":"http:\/\/novo.nteditora.com.br\/loja\/wp-json\/wp\/v2\/media?parent=892"}],"wp:term":[{"taxonomy":"product_brand","embeddable":true,"href":"http:\/\/novo.nteditora.com.br\/loja\/wp-json\/wp\/v2\/product_brand?post=892"},{"taxonomy":"product_cat","embeddable":true,"href":"http:\/\/novo.nteditora.com.br\/loja\/wp-json\/wp\/v2\/product_cat?post=892"},{"taxonomy":"product_tag","embeddable":true,"href":"http:\/\/novo.nteditora.com.br\/loja\/wp-json\/wp\/v2\/product_tag?post=892"}],"curies":[{"name":"wp","href":"https:\/\/api.w.org\/{rel}","templated":true}]}}