{"id":907,"date":"2024-05-29T00:34:10","date_gmt":"2024-05-29T03:34:10","guid":{"rendered":"https:\/\/novo.nteditora.com.br\/loja\/?post_type=product&#038;p=907"},"modified":"2024-08-20T16:55:02","modified_gmt":"2024-08-20T19:55:02","slug":"combo-livro-curso-sistemas-eletroeletronicos-automotivos","status":"publish","type":"product","link":"http:\/\/novo.nteditora.com.br\/loja\/produto\/combo-livro-curso-sistemas-eletroeletronicos-automotivos\/","title":{"rendered":"Combo Livro + Curso | Sistemas Eletroeletr\u00f4nicos Automotivos"},"content":{"rendered":"","protected":false},"excerpt":{"rendered":"<p>Neste combo, voc\u00ea ter\u00e1 acesso ao <strong>Livro e o Curso Online de Sistemas Eletroeletr\u00f4nicos Automotivos.<\/strong><\/p>\n<div id=\"nav-desc\" class=\"tab-pane fade show active\" role=\"tabpanel\" aria-labelledby=\"nav-desc-tab\">Ao longo dos \u00faltimos anos, a ind\u00fastria automotiva cada vez mais vem incorporando sistemas eletr\u00f4nicos de controle e acionamentos control\u00e1veis. No in\u00edcio dessa transforma\u00e7\u00e3o, por exemplo, ocorreu uma substitui\u00e7\u00e3o do sistema de igni\u00e7\u00e3o com platinado pela igni\u00e7\u00e3o eletr\u00f4nica, paralelamente a isso, ocorreu o surgimento da inje\u00e7\u00e3o eletr\u00f4nica. Mudan\u00e7as como essas t\u00eam mostrado que a utiliza\u00e7\u00e3o da eletroeletr\u00f4nica em ve\u00edculos automotivos cresceu exponencialmente nos \u00faltimos anos. Este material proporciona o entendimento e o diagn\u00f3stico de falhas de componentes eletroeletr\u00f4nicos relacionados ao setor automotivo, assim serve como instrumento de consulta com informa\u00e7\u00f5es detalhadas, aplic\u00e1veis de forma pr\u00e1tica no dia a dia do profissional de manuten\u00e7\u00e3o automotiva.<\/div>\n<p><strong>Informa\u00e7\u00f5es do Curso:<\/strong><\/p>\n<ul>\n<li><strong>Tempo para Conclus\u00e3o:<\/strong> 2 meses<\/li>\n<li><strong>Carga hor\u00e1ria:<\/strong> 60 h<\/li>\n<\/ul>\n<div class=\"botao-livro-curso\"><button class=\"botao-demo\"><a class=\"link-demo\" href=\"https:\/\/novo.nteditora.com.br\/demos\/tecnico\/SA1_livro_demo.pdf\" target=\"_blank\" rel=\"noopener\">Leia o primeiro cap\u00edtulo GR\u00c1TIS<\/a><\/button><br \/>\n<button class=\"botao-demo\"><a class=\"link-demo\" href=\"https:\/\/avant.grupont.com.br\/dirVirtualLMS\/portais\/demos-html5\/sa1\/index.html\" target=\"_blank\" rel=\"noopener\">Fa\u00e7a um degusta\u00e7\u00e3o GR\u00c1TIS<\/a><\/button><\/div>\n","protected":false},"featured_media":839,"template":"","meta":[],"product_brand":[],"product_cat":[29],"product_tag":[],"class_list":{"0":"post-907","1":"product","2":"type-product","3":"status-publish","4":"has-post-thumbnail","6":"product_cat-combos","8":"first","9":"instock","10":"sold-individually","11":"taxable","12":"shipping-taxable","13":"purchasable","14":"product-type-wooco"},"_links":{"self":[{"href":"http:\/\/novo.nteditora.com.br\/loja\/wp-json\/wp\/v2\/product\/907","targetHints":{"allow":["GET"]}}],"collection":[{"href":"http:\/\/novo.nteditora.com.br\/loja\/wp-json\/wp\/v2\/product"}],"about":[{"href":"http:\/\/novo.nteditora.com.br\/loja\/wp-json\/wp\/v2\/types\/product"}],"wp:featuredmedia":[{"embeddable":true,"href":"http:\/\/novo.nteditora.com.br\/loja\/wp-json\/wp\/v2\/media\/839"}],"wp:attachment":[{"href":"http:\/\/novo.nteditora.com.br\/loja\/wp-json\/wp\/v2\/media?parent=907"}],"wp:term":[{"taxonomy":"product_brand","embeddable":true,"href":"http:\/\/novo.nteditora.com.br\/loja\/wp-json\/wp\/v2\/product_brand?post=907"},{"taxonomy":"product_cat","embeddable":true,"href":"http:\/\/novo.nteditora.com.br\/loja\/wp-json\/wp\/v2\/product_cat?post=907"},{"taxonomy":"product_tag","embeddable":true,"href":"http:\/\/novo.nteditora.com.br\/loja\/wp-json\/wp\/v2\/product_tag?post=907"}],"curies":[{"name":"wp","href":"https:\/\/api.w.org\/{rel}","templated":true}]}}