{"id":932,"date":"2024-06-01T00:25:36","date_gmt":"2024-06-01T03:25:36","guid":{"rendered":"https:\/\/novo.nteditora.com.br\/loja\/?post_type=product&#038;p=932"},"modified":"2024-08-20T15:35:18","modified_gmt":"2024-08-20T18:35:18","slug":"combo-livro-curso-introducao-as-redes-de-computadores","status":"publish","type":"product","link":"http:\/\/novo.nteditora.com.br\/loja\/produto\/combo-livro-curso-introducao-as-redes-de-computadores\/","title":{"rendered":"Combo Livro + Curso | Introdu\u00e7\u00e3o \u00c0s Redes de Computadores"},"content":{"rendered":"","protected":false},"excerpt":{"rendered":"<p>Neste combo, voc\u00ea ter\u00e1 acesso ao <strong>Livro e o Curso Online de Introdu\u00e7\u00e3o \u00c0s Redes de Computadores.<\/strong><\/p>\n<div id=\"nav-desc\" class=\"tab-pane fade show active\" role=\"tabpanel\" aria-labelledby=\"nav-desc-tab\">por meio de um texto dial\u00f3gico, de f\u00e1cil leitura, com uma concep\u00e7\u00e3o e a organiza\u00e7\u00e3o did\u00e1tica apresenta os conceitos b\u00e1sicos necess\u00e1rios para o gerenciamento e a opera\u00e7\u00e3o, parcial ou total, de redes. O livro apresenta os conceitos usando protocolos em camadas da internet e da pilha de protocolos TCP\/IP, utilizando uma abordagem que come\u00e7a explicando os conceitos mais pr\u00f3ximos da camada de aplica\u00e7\u00e3o at\u00e9 chegar \u00e0 camada f\u00edsica (Top-Down). O leitor ir\u00e1, por meio de exemplos pr\u00e1ticos do seu dia a dia, compreender os conceitos e as t\u00e9cnicas e como fazer sua implementa\u00e7\u00e3o usando os servi\u00e7os das demais camadas. Com esta abordagem o leitor ser\u00e1 capaz de reconhecer a import\u00e2ncia de uma rede de computadores, o funcionamento das tecnologias e topologias e seus requisitos de implementa\u00e7\u00e3o, em especial no ambiente corporativo.<\/div>\n<p><strong>Informa\u00e7\u00f5es do Curso:<\/strong><\/p>\n<ul>\n<li><strong>Tempo para Conclus\u00e3o:<\/strong> 1 m\u00eas<\/li>\n<li><strong>Carga hor\u00e1ria:<\/strong> 20 h<\/li>\n<\/ul>\n<div class=\"botao-livro-curso\"><button class=\"botao-demo\"><a class=\"link-demo\" href=\"https:\/\/novo.nteditora.com.br\/demos\/tecnico\/RED_livro_demo.pdf\" target=\"_blank\" rel=\"noopener\">Leia o primeiro cap\u00edtulo GR\u00c1TIS<\/a><\/button><br \/>\n<button class=\"botao-demo\"><a class=\"link-demo\" href=\"https:\/\/avant.grupont.com.br\/dirVirtualLMS\/portais\/demos-html5\/red\/index.html\" target=\"_blank\" rel=\"noopener\">Fa\u00e7a um degusta\u00e7\u00e3o GR\u00c1TIS<\/a><\/button><\/div>\n","protected":false},"featured_media":843,"template":"","meta":[],"product_brand":[],"product_cat":[29],"product_tag":[],"class_list":{"0":"post-932","1":"product","2":"type-product","3":"status-publish","4":"has-post-thumbnail","6":"product_cat-combos","8":"first","9":"instock","10":"sold-individually","11":"taxable","12":"shipping-taxable","13":"purchasable","14":"product-type-wooco"},"_links":{"self":[{"href":"http:\/\/novo.nteditora.com.br\/loja\/wp-json\/wp\/v2\/product\/932","targetHints":{"allow":["GET"]}}],"collection":[{"href":"http:\/\/novo.nteditora.com.br\/loja\/wp-json\/wp\/v2\/product"}],"about":[{"href":"http:\/\/novo.nteditora.com.br\/loja\/wp-json\/wp\/v2\/types\/product"}],"wp:featuredmedia":[{"embeddable":true,"href":"http:\/\/novo.nteditora.com.br\/loja\/wp-json\/wp\/v2\/media\/843"}],"wp:attachment":[{"href":"http:\/\/novo.nteditora.com.br\/loja\/wp-json\/wp\/v2\/media?parent=932"}],"wp:term":[{"taxonomy":"product_brand","embeddable":true,"href":"http:\/\/novo.nteditora.com.br\/loja\/wp-json\/wp\/v2\/product_brand?post=932"},{"taxonomy":"product_cat","embeddable":true,"href":"http:\/\/novo.nteditora.com.br\/loja\/wp-json\/wp\/v2\/product_cat?post=932"},{"taxonomy":"product_tag","embeddable":true,"href":"http:\/\/novo.nteditora.com.br\/loja\/wp-json\/wp\/v2\/product_tag?post=932"}],"curies":[{"name":"wp","href":"https:\/\/api.w.org\/{rel}","templated":true}]}}