{"id":937,"date":"2024-06-04T00:09:46","date_gmt":"2024-06-04T03:09:46","guid":{"rendered":"https:\/\/novo.nteditora.com.br\/loja\/?post_type=product&#038;p=937"},"modified":"2024-08-20T16:16:42","modified_gmt":"2024-08-20T19:16:42","slug":"combo-livro-curso-porteiro-e-zelador","status":"publish","type":"product","link":"http:\/\/novo.nteditora.com.br\/loja\/produto\/combo-livro-curso-porteiro-e-zelador\/","title":{"rendered":"Combo Livro + Curso | Porteiro e Zelador"},"content":{"rendered":"","protected":false},"excerpt":{"rendered":"<p>Neste combo, voc\u00ea ter\u00e1 acesso ao <strong>Livro e o Curso Online de Porteiro e Zelador.<\/strong><\/p>\n<div id=\"nav-desc\" class=\"tab-pane fade show active\" role=\"tabpanel\" aria-labelledby=\"nav-desc-tab\">Visa capacitar o profissional da portaria a orientar e tomar decis\u00f5es e executar a\u00e7\u00f5es relativas \u00e0 manuten\u00e7\u00e3o e seguran\u00e7a em pr\u00e9dios, condom\u00ednios e clubes.<\/div>\n<p><strong>Informa\u00e7\u00f5es do Curso:<\/strong><\/p>\n<ul>\n<li><strong>Tempo para Conclus\u00e3o:<\/strong> 2 meses<\/li>\n<li><strong>Carga hor\u00e1ria:<\/strong> 40 h<\/li>\n<\/ul>\n<div class=\"botao-livro-curso\"><button class=\"botao-demo\"><a class=\"link-demo\" href=\"https:\/\/novo.nteditora.com.br\/demos\/tecnico\/PZE_livro_demo.pdf\" target=\"_blank\" rel=\"noopener\">Leia o primeiro cap\u00edtulo GR\u00c1TIS<\/a><\/button><br \/>\n<button class=\"botao-demo\"><a class=\"link-demo\" href=\"https:\/\/avant.grupont.com.br\/dirVirtualLMS\/portais\/demos-html5\/pze\/index.html\" target=\"_blank\" rel=\"noopener\">Fa\u00e7a um degusta\u00e7\u00e3o GR\u00c1TIS<\/a><\/button><\/div>\n","protected":false},"featured_media":844,"template":"","meta":[],"product_brand":[],"product_cat":[29],"product_tag":[],"class_list":{"0":"post-937","1":"product","2":"type-product","3":"status-publish","4":"has-post-thumbnail","6":"product_cat-combos","8":"first","9":"instock","10":"sold-individually","11":"taxable","12":"shipping-taxable","13":"purchasable","14":"product-type-wooco"},"_links":{"self":[{"href":"http:\/\/novo.nteditora.com.br\/loja\/wp-json\/wp\/v2\/product\/937","targetHints":{"allow":["GET"]}}],"collection":[{"href":"http:\/\/novo.nteditora.com.br\/loja\/wp-json\/wp\/v2\/product"}],"about":[{"href":"http:\/\/novo.nteditora.com.br\/loja\/wp-json\/wp\/v2\/types\/product"}],"wp:featuredmedia":[{"embeddable":true,"href":"http:\/\/novo.nteditora.com.br\/loja\/wp-json\/wp\/v2\/media\/844"}],"wp:attachment":[{"href":"http:\/\/novo.nteditora.com.br\/loja\/wp-json\/wp\/v2\/media?parent=937"}],"wp:term":[{"taxonomy":"product_brand","embeddable":true,"href":"http:\/\/novo.nteditora.com.br\/loja\/wp-json\/wp\/v2\/product_brand?post=937"},{"taxonomy":"product_cat","embeddable":true,"href":"http:\/\/novo.nteditora.com.br\/loja\/wp-json\/wp\/v2\/product_cat?post=937"},{"taxonomy":"product_tag","embeddable":true,"href":"http:\/\/novo.nteditora.com.br\/loja\/wp-json\/wp\/v2\/product_tag?post=937"}],"curies":[{"name":"wp","href":"https:\/\/api.w.org\/{rel}","templated":true}]}}