{"id":971,"date":"2024-05-28T00:37:49","date_gmt":"2024-05-28T03:37:49","guid":{"rendered":"https:\/\/novo.nteditora.com.br\/loja\/?post_type=product&#038;p=971"},"modified":"2024-08-20T16:20:06","modified_gmt":"2024-08-20T19:20:06","slug":"combo-livro-curso-prevencao-de-doencas-e-promocao-da-saude-de-pessoas-com-deficiencia","status":"publish","type":"product","link":"http:\/\/novo.nteditora.com.br\/loja\/produto\/combo-livro-curso-prevencao-de-doencas-e-promocao-da-saude-de-pessoas-com-deficiencia\/","title":{"rendered":"Combo Livro + Curso | Preven\u00e7\u00e3o de Doen\u00e7as e Promo\u00e7\u00e3o da Sa\u00fade de Pessoas com Defici\u00eancia"},"content":{"rendered":"","protected":false},"excerpt":{"rendered":"<p>Neste combo, voc\u00ea ter\u00e1 acesso ao <strong>Livro e o Curso Online de Preven\u00e7\u00e3o de Doen\u00e7as e Promo\u00e7\u00e3o da Sa\u00fade de Pessoas com Defici\u00eancia.<\/strong><\/p>\n<div id=\"nav-desc\" class=\"tab-pane fade show active\" role=\"tabpanel\" aria-labelledby=\"nav-desc-tab\">Elaborado com o intuito de capacitar potenciais agentes comunit\u00e1rios de sa\u00fade no Brasil para o acolhimento e a cria\u00e7\u00e3o de v\u00ednculo com a comunidade em que atua. Esse livro tratar\u00e1 de temas como: o conceito de pessoa com defici\u00eancia, de promo\u00e7\u00e3o da sa\u00fade e de preven\u00e7\u00e3o de doen\u00e7as; como s\u00e3o classificadas as defici\u00eancias; estat\u00edsticas e pol\u00edticas voltadas \u00e0 sa\u00fade de pessoas com defici\u00eancia; pessoas com surdocegueira e defici\u00eancia visual, auditiva, f\u00edsica, intelectual e mental; a Pol\u00edtica Nacional de Sa\u00fade Mental. Espera-se, pois, que o conte\u00fado seja inovador e prop\u00edcio \u00e0 forma\u00e7\u00e3o de futuros ACSs, com o intuito de que cheguem \u00e0s comunidades com conhecimento sobre as PcDs e realizem suas a\u00e7\u00f5es de forma acess\u00edvel e inclusiva.<\/div>\n<p><strong>Informa\u00e7\u00f5es do Curso:<\/strong><\/p>\n<ul>\n<li><strong>Tempo para Conclus\u00e3o:<\/strong> 2 meses<\/li>\n<li><strong>Carga hor\u00e1ria: <\/strong>60 h<\/li>\n<\/ul>\n<div class=\"botao-livro-curso\"><button class=\"botao-demo\"><a class=\"link-demo\" href=\"https:\/\/novo.nteditora.com.br\/demos\/tecnico\/PDD_livro_demo.pdf\" target=\"_blank\" rel=\"noopener\">Leia o primeiro cap\u00edtulo GR\u00c1TIS<\/a><\/button><br \/>\n<button class=\"botao-demo\"><a class=\"link-demo\" href=\"https:\/\/avant.grupont.com.br\/dirVirtualLMS\/portais\/demos-html5\/pdd\/index.html\" target=\"_blank\" rel=\"noopener\">Fa\u00e7a um degusta\u00e7\u00e3o GR\u00c1TIS<\/a><\/button><\/div>\n","protected":false},"featured_media":901,"template":"","meta":[],"product_brand":[],"product_cat":[29],"product_tag":[],"class_list":{"0":"post-971","1":"product","2":"type-product","3":"status-publish","4":"has-post-thumbnail","6":"product_cat-combos","8":"first","9":"instock","10":"sold-individually","11":"taxable","12":"shipping-taxable","13":"purchasable","14":"product-type-wooco"},"_links":{"self":[{"href":"http:\/\/novo.nteditora.com.br\/loja\/wp-json\/wp\/v2\/product\/971","targetHints":{"allow":["GET"]}}],"collection":[{"href":"http:\/\/novo.nteditora.com.br\/loja\/wp-json\/wp\/v2\/product"}],"about":[{"href":"http:\/\/novo.nteditora.com.br\/loja\/wp-json\/wp\/v2\/types\/product"}],"wp:featuredmedia":[{"embeddable":true,"href":"http:\/\/novo.nteditora.com.br\/loja\/wp-json\/wp\/v2\/media\/901"}],"wp:attachment":[{"href":"http:\/\/novo.nteditora.com.br\/loja\/wp-json\/wp\/v2\/media?parent=971"}],"wp:term":[{"taxonomy":"product_brand","embeddable":true,"href":"http:\/\/novo.nteditora.com.br\/loja\/wp-json\/wp\/v2\/product_brand?post=971"},{"taxonomy":"product_cat","embeddable":true,"href":"http:\/\/novo.nteditora.com.br\/loja\/wp-json\/wp\/v2\/product_cat?post=971"},{"taxonomy":"product_tag","embeddable":true,"href":"http:\/\/novo.nteditora.com.br\/loja\/wp-json\/wp\/v2\/product_tag?post=971"}],"curies":[{"name":"wp","href":"https:\/\/api.w.org\/{rel}","templated":true}]}}