{"id":972,"date":"2024-05-28T00:35:00","date_gmt":"2024-05-28T03:35:00","guid":{"rendered":"https:\/\/novo.nteditora.com.br\/loja\/?post_type=product&#038;p=972"},"modified":"2024-08-20T16:20:14","modified_gmt":"2024-08-20T19:20:14","slug":"combo-livro-curso-prevencao-de-doencas-e-promocao-da-saude-da-crianca","status":"publish","type":"product","link":"http:\/\/novo.nteditora.com.br\/loja\/produto\/combo-livro-curso-prevencao-de-doencas-e-promocao-da-saude-da-crianca\/","title":{"rendered":"Combo Livro + Curso | Preven\u00e7\u00e3o de Doen\u00e7as e Promo\u00e7\u00e3o da Sa\u00fade da Crian\u00e7a"},"content":{"rendered":"","protected":false},"excerpt":{"rendered":"<p>Neste combo, voc\u00ea ter\u00e1 acesso ao <strong>Livro e o Curso Online de Preven\u00e7\u00e3o de Doen\u00e7as e Promo\u00e7\u00e3o da Sa\u00fade da Crian\u00e7a.<\/strong><\/p>\n<div id=\"nav-desc\" class=\"tab-pane fade show active\" role=\"tabpanel\" aria-labelledby=\"nav-desc-tab\">Aborda a preven\u00e7\u00e3o de doen\u00e7as e promo\u00e7\u00e3o da sa\u00fade da crian\u00e7a durante o crescimento e o desenvolvimento visando \u00e0 compreens\u00e3o da import\u00e2ncia do acolhimento, da responsabiliza\u00e7\u00e3o e da forma\u00e7\u00e3o de v\u00ednculo do agente comunit\u00e1rio de sa\u00fade (ACS). S\u00e3o considerados, nesse entendimento, os contextos social, pol\u00edtico, cultural e econ\u00f4mico, articulados com os principais programas de sa\u00fade, para atuar na educa\u00e7\u00e3o em sa\u00fade e no acompanhamento desse grupo e de sua fam\u00edlia na aten\u00e7\u00e3o b\u00e1sica.<\/div>\n<p><strong>Informa\u00e7\u00f5es do Curso:<\/strong><\/p>\n<ul>\n<li><strong>Tempo para Conclus\u00e3o:<\/strong> 3 meses<\/li>\n<li><strong>Carga hor\u00e1ria: <\/strong>80 h<\/li>\n<\/ul>\n<div class=\"botao-livro-curso\"><button class=\"botao-demo\"><a class=\"link-demo\" href=\"https:\/\/novo.nteditora.com.br\/demos\/tecnico\/PDC_livro_demo.pdf\" target=\"_blank\" rel=\"noopener\">Leia o primeiro cap\u00edtulo GR\u00c1TIS<\/a><\/button><br \/>\n<button class=\"botao-demo\"><a class=\"link-demo\" href=\"https:\/\/avant.grupont.com.br\/dirVirtualLMS\/portais\/demos-html5\/pdc\/index.html\" target=\"_blank\" rel=\"noopener\">Fa\u00e7a um degusta\u00e7\u00e3o GR\u00c1TIS<\/a><\/button><\/div>\n","protected":false},"featured_media":902,"template":"","meta":[],"product_brand":[],"product_cat":[29],"product_tag":[],"class_list":{"0":"post-972","1":"product","2":"type-product","3":"status-publish","4":"has-post-thumbnail","6":"product_cat-combos","8":"first","9":"instock","10":"sold-individually","11":"taxable","12":"shipping-taxable","13":"purchasable","14":"product-type-wooco"},"_links":{"self":[{"href":"http:\/\/novo.nteditora.com.br\/loja\/wp-json\/wp\/v2\/product\/972","targetHints":{"allow":["GET"]}}],"collection":[{"href":"http:\/\/novo.nteditora.com.br\/loja\/wp-json\/wp\/v2\/product"}],"about":[{"href":"http:\/\/novo.nteditora.com.br\/loja\/wp-json\/wp\/v2\/types\/product"}],"wp:featuredmedia":[{"embeddable":true,"href":"http:\/\/novo.nteditora.com.br\/loja\/wp-json\/wp\/v2\/media\/902"}],"wp:attachment":[{"href":"http:\/\/novo.nteditora.com.br\/loja\/wp-json\/wp\/v2\/media?parent=972"}],"wp:term":[{"taxonomy":"product_brand","embeddable":true,"href":"http:\/\/novo.nteditora.com.br\/loja\/wp-json\/wp\/v2\/product_brand?post=972"},{"taxonomy":"product_cat","embeddable":true,"href":"http:\/\/novo.nteditora.com.br\/loja\/wp-json\/wp\/v2\/product_cat?post=972"},{"taxonomy":"product_tag","embeddable":true,"href":"http:\/\/novo.nteditora.com.br\/loja\/wp-json\/wp\/v2\/product_tag?post=972"}],"curies":[{"name":"wp","href":"https:\/\/api.w.org\/{rel}","templated":true}]}}